{"id":1869,"date":"2019-06-26T12:59:25","date_gmt":"2019-06-26T10:59:25","guid":{"rendered":"http:\/\/www.cadooh.de\/?page_id=1869"},"modified":"2020-06-07T11:24:53","modified_gmt":"2020-06-07T09:24:53","slug":"grannymania","status":"publish","type":"page","link":"https:\/\/www.cadooh.de\/index.php\/grannymania\/","title":{"rendered":"Grannymania"},"content":{"rendered":"<p>Das schw\u00e4bisch-besinnlich-&#8222;schiller&#8220;sche Zitat eines Stuttgarter Oberb\u00fcrgermeisters zur Er\u00f6ffnung einer Ausstellung 1957 <span style=\"color: #999999;\"><em>(1)<\/em><\/span> mag heute vielleicht altmodisch daherkommen, doch trifft es immer noch den Kern und gegenw\u00e4rtigen Zeitgeist: <strong>&#8222;Durch die Handarbeit soll die Frau das tun, was von ihr \u00fcber die Pflichten des Bewahrens und Vermehrens der h\u00e4uslichen G\u00fcter hinaus erwartet wird,<br \/>\nn\u00e4mlich sie <\/strong><em><strong>f\u00fcget zum Guten den Glanz und den Schimmer<\/strong><\/em><strong>&#8220; <\/strong><span style=\"color: #999999;\"><em>(2)<\/em><\/span>.<\/p>\n<hr \/>\n<p>H\u00e4keln geh\u00f6rt zu den \u00e4lteren Handarbeitstechniken (siehe <a href=\"https:\/\/www.cadooh.de\/index.php\/historie\/\" target=\"_blank\" rel=\"noopener\"><span style=\"color: #800080;\">HISTORIE<\/span><\/a>).<br \/>\nFrauen in allen Gesellschaftsschichten kreierten ihre Meisterst\u00fccke &#8211; sei es als gutbetuchte Dame zur Erheiterung des Gem\u00fctes und Totschlagens der Langeweile oder als arme Frau und Mutter, die den Lebensunterhalt f\u00fcr\u00a0 die Familie damit erh\u00e4kelte. Wolle und Garne waren manchmal unerschwinglich oder schwer zu erwerben. Da lag es nahe, aus Bestand und Resten etwas zu zaubern.<br \/>\nDie kleinen H\u00e4kelquadrat-Motive tauchten pl\u00f6tzlich auf.<br \/>\nHeute kennen und lieben wir sie als die sogennanten <span style=\"text-decoration: underline;\"><strong>&#8222;Granny Squares&#8220;<\/strong><\/span>.<\/p>\n<hr \/>\n<p><img loading=\"lazy\" decoding=\"async\" class=\"alignleft\" src=\"https:\/\/www.cadooh.de\/wp-content\/uploads\/2019\/06\/slumberrobe.jpg\" alt=\"\" width=\"300\" height=\"340\" \/><\/p>\n<p>Die erste dokumentierte Abbildung eines &#8222;Blockes&#8220; finden wir in dem Buch <strong><i>The Art of Crochet,<\/i><\/strong> publiziert von der Butterick Publishing Company, New York und London, 1891<\/p>\n<p><strong>BLOCK<\/strong> FOR A SLUMBER ROBE<br \/>\n(BLOCK F\u00dcR EINE SCHLUMMERDECKE)<\/p>\n<p>Wie alt diese Resteverwertungsmethode ist, wird uns nicht erz\u00e4hlt, nur, das sie f\u00fcr Baby- und Kinderdecken in Wiegen und Kinderwagen erfunden wurde. Farbvorschl\u00e4ge werden gegeben, verwendete Maschen werden nicht erkl\u00e4rt. Das Bild allein, soll die Technik verdeutlichen.<br \/>\nWOW! Eindeutig ein Granny Square!<\/p>\n<hr \/>\n<p>Aber warum denn <strong>Granny Square &#8211; Gro\u00dfm\u00fctterchens Quadrate<\/strong> ???<br \/>\nWas f\u00fcr eine Geschichte steckt denn nun da genau hinter?<\/p>\n<p>1946 brachte die Garn- und Tuchfabrik die Oregon Worsted Company einen Artikel heraus, der \u00fcber die sparsamen und flei\u00dfigen Frauen des fr\u00fchen Amerikas berichtete. Die &#8222;gro\u00dfe Depression&#8220; (- Great Depression 1929-1941) war eine schwere Wirtschaftskrise, die viele Familien in Not geraten lie\u00df.<br \/>\nHier kamen die kleinen bunten Garnreste aus aufgeribbelten Socken und Sweatern gerade richtig.<br \/>\nKleine Quadratmotive wurden geh\u00e4kelt. Farben nach Lust und Laune und Vorrat eingesetzt.<br \/>\nWunderbare w\u00e4rmende und schm\u00fcckende Decken sollten daraus entstehen. Ganz dem Vorbild der bunten und farbenfrohen Afghan-Decken entsprechend, die im fr\u00fchen 19.Jh. in England beliebt waren. All die kleinen Quadrate &#8211; die &#8222;Squares&#8220; mussten dann nur noch zusammengen\u00e4ht werden&#8230;ja..nur&#8230;wer schon einmal eine Granny-Square-Decke geh\u00e4kelt hat, wei\u00df wieviel Arbeit in F\u00e4den- und Zusammenn\u00e4hen des Objektes steckt.<br \/>\nDiese m\u00fchevolle Arbeit durfte dann die amerikanische &#8222;Granny&#8220; &#8211; die Gro\u00dfmutter \u00fcbernehmen, die im zunehmenden Alter nicht mehr viel k\u00f6rperliche Arbeit im Haus und Hof verrichten konnte.<\/p>\n<p>Die &#8222;Granny Squares&#8220; wurden zur traditionellsten amerikanischen Form des H\u00e4kelns.<br \/>\nLange Zeit kannte man diese H\u00e4kelart auch nur unter dem Namen &#8222;American Crochet&#8220;.<br \/>\nDer weltweite Siegeszug der kleinen Quadrate begann.<\/p>\n<p>Kein Wunder, sie sind entspannend zu h\u00e4keln. K\u00f6nnen farbenfroh oder einfarbig sein.<br \/>\n<strong>Traditionell<\/strong> beginnt man mit einem Luftmaschenring, in dem dann St\u00e4bchen und Luftmaschen abwechselnd gearbeitet werden. In den Ecken werden Maschen zugenommen, damit ein Quadrat entsteht. Im Laufe der Zeit entstanden unz\u00e4hlige Variationen.<br \/>\nJedes geometrische Motiv bildet eine geschlossene Einheit f\u00fcr sich, wirkt jedoch erst, wenn es mit anderen Motiven verbunden wird, nur als Teil des Ganzen. Man h\u00e4kelt in Runden. Es wird nicht gewendet, neue Farben werden einfach angesetzt.<\/p>\n<div style=\"width: 310px\" class=\"wp-caption alignleft\"><a href=\"https:\/\/www.ebay.com\/itm\/Vintage-1970s-Boho-Granny-Square-Crocheted-Fringed-Shawl-\/333151595073\" target=\"_blank\" rel=\"noopener\"><img loading=\"lazy\" decoding=\"async\" src=\"https:\/\/www.cadooh.de\/wp-content\/uploads\/2019\/06\/s-l1600.jpg\" alt=\"\" width=\"300\" height=\"200\" \/><\/a><p class=\"wp-caption-text\"><span style=\"color: #999999;\"><em>Bildquelle: ebay<\/em><\/span><\/p><\/div>\n<p>So entstanden wunderbare T\u00fccher, Decken, Kissen, Spielzeug, Kleidung, etc.<\/p>\n<p>H\u00f6hepunkt der Granny Square-\u00c4ra waren auf alle F\u00e4lle die 70er. Das Beispiel-Bild linksseitig zeigt ein Dreieckstuch aus dieser Zeit. Typisch sind auch die langen beliebten Fransen an den Seiten. Sieht nach knapp 50 Jahren immer noch stylish aus!<\/p>\n<p><a href=\"http:\/\/maggiescrochetblog.com\/paul-mccartneys-granny-square-vest\/\" target=\"_blank\" rel=\"noopener\"><img loading=\"lazy\" decoding=\"async\" class=\"aligncenter\" src=\"https:\/\/www.cadooh.de\/wp-content\/uploads\/2019\/06\/1ZpV9LX.jpg\" alt=\"\" width=\"500\" height=\"321\" \/><\/a><\/p>\n<p>Auch Clint Eastwood (F\u00fcr den Playboy!) und Paul McCartney konnten den kleinen Quadraten\/Granny Squares nicht widerstehen. Sexy nicht? \ud83d\ude09<\/p>\n<hr \/>\n<p>Meine fr\u00fchen Lieblings-Entdeckungen:<\/p>\n<div style=\"width: 510px\" class=\"wp-caption alignleft\"><img loading=\"lazy\" decoding=\"async\" src=\"https:\/\/www.cadooh.de\/wp-content\/uploads\/2019\/06\/bloggis.jpg\" alt=\"\" width=\"500\" height=\"502\" \/><p class=\"wp-caption-text\"><span style=\"color: #999999;\"><em>Bildquellen-Nachweise siehe unten Legende<\/em><\/span><\/p><\/div>\n<p><span style=\"color: #999999;\"><em>(3)<\/em><\/span> Vor vielen Jahren entdeckte ich den liebenswerten Blog der inzwischen leider viel zu fr\u00fch verstorbenen Katja Rubin VERSPONNENES. Ihre Anleitungen mit Shop sind leider mit ihr fort gegangen, aber der Blog steht noch fest im Web und zeigt Spuren ihres Schaffens. Granny Squares in zarten Pastellt\u00f6nen zu Kissen und feinen Kuscheldecken gearbeitet. Sie hatte ein Riesen-Fan-Gemeinde, die heute noch existiert. Supersch\u00f6n ihre Bl\u00fcten-Beulchen&#8230;<\/p>\n<p>&nbsp;<\/p>\n<p><span style=\"color: #999999;\"><em>(4)<\/em><\/span> Grau trifft Farbe! 2010 traf Rosa P. mit ihrer Hexagon-Decke den Granny-Nerv der Zeit.\u00a0 Absolutes Must-see und Must-have auf der heimischen Couch!<\/p>\n<p>&nbsp;<\/p>\n<p><span style=\"color: #999999;\"><em>(5)<\/em><\/span> Dann die finnische K\u00fcnstlerin Virpi Marjaana Siira \u2013 K\u00fcnstlername OmA Koppa &#8211; entf\u00fchrt uns in ihre eigene Granny Square-Welt mit unglaublichen Ideen. Ihr erstes deutsches Buch <em>Moderne Granny Squares<\/em> spaltete die H\u00e4kelfan-Gemeinschaft. Den einen war es zu wenig, den anderen (ich z\u00e4hle mich dazu!) gefiel es. Es ist inspirierende Kunst. Gestalten und H\u00e4keln muss man selbst: So entstand ein <span style=\"color: #3366ff;\"><a href=\"https:\/\/www.cadooh.de\/index.php\/2016\/09\/19\/granny-kissen-a-la-finnland\/\" target=\"_blank\" rel=\"noopener\"><strong><span style=\"color: #3366ff;\">Granny Kissen \u00e0 la Finnland<\/span><\/strong><\/a> <\/span>und der <a href=\"https:\/\/www.cadooh.de\/index.php\/2017\/01\/12\/grannyschal-fuer-maenner\/\" target=\"_blank\" rel=\"noopener\"><strong><span style=\"color: #3366ff;\">Lieblings-Granny-Schal<\/span><\/strong><\/a> meines G\u00f6ga vor ein paar Jahren.<\/p>\n<p>&nbsp;<\/p>\n<p><img loading=\"lazy\" decoding=\"async\" class=\"alignleft\" src=\"https:\/\/www.cadooh.de\/wp-content\/uploads\/2019\/06\/DG1.jpg\" alt=\"\" width=\"500\" height=\"501\" \/><\/p>\n<p>&nbsp;<\/p>\n<p>&nbsp;<\/p>\n<p>&nbsp;<\/p>\n<p>&nbsp;<\/p>\n<p>&nbsp;<\/p>\n<p><span style=\"color: #999999;\"><em>(6)<\/em> <\/span>Auch die ber\u00fchmten Mode-Designer unserer Zeit konnten und k\u00f6nnen sich dem Zauber der Granny Squares nicht entziehen. Bunte Fr\u00f6hlichkeit schwappt von den Laufstegen der Welt zu uns herab und verf\u00fchrt uns zum Kauf.<\/p>\n<p>Ganz klassisch-grannyhaft entf\u00fchrt uns Dolce &amp; Gabbana.<br \/>\nDas kleine Jacket der neuen Kollektion f\u00fcr knapp 3500\u20ac ist \u00fcberall ausverkauft &#8211; sold out!<\/p>\n<p>Wie schade, mu\u00df Frau sich das also selbst h\u00e4keln &#8230; d\u00fcrfte nicht schwer sein, oder? Nur die L\u00f6wenkopfkn\u00f6pfe sind wahrscheinlich schwer erh\u00e4ltlich&#8230;m\u00fc\u00dfte &#8222;Mann&#8220; dann schnitzen&#8230;<\/p>\n<p>Und wie findet ihr die Tasche? Die Miss Sicily Handbag. 2012 musste man daf\u00fcr 3000$ hinbl\u00e4ttern&#8230;<\/p>\n<hr \/>\n<p><img loading=\"lazy\" decoding=\"async\" class=\"alignleft\" src=\"https:\/\/www.cadooh.de\/wp-content\/uploads\/2019\/06\/Cate2.jpg\" alt=\"\" width=\"500\" height=\"386\" \/><br \/>\n<span style=\"color: #999999;\"><em>(7)<\/em><\/span> Die amerikanische Schauspielerin Cate Blanchett liebt anscheinend Granny Squares im Style der 70er. B\u00f6se Zungen l\u00e4sterten damals \u00fcber den Auftritt, dass Cate <strong>Blanket (engl. Decke)<\/strong> dem roten Teppich Konkurrenz machen w\u00fcrde. Geschmackssache halt&#8230;w\u00fcrdet ihr das tragen wollen?<\/p>\n<p>Das 2.Kleid entspringt dem Hause Dior, mit dem neuen Trend von aufgedruckten bunten Motiven auf schwarzem Seidengrund. Hinrei\u00dfend!<\/p>\n<hr \/>\n<p><img loading=\"lazy\" decoding=\"async\" class=\"alignleft\" src=\"https:\/\/www.cadooh.de\/wp-content\/uploads\/2019\/06\/Design.jpg\" alt=\"\" width=\"500\" height=\"386\" \/><\/p>\n<p>&nbsp;<\/p>\n<p>&nbsp;<\/p>\n<p>&nbsp;<\/p>\n<p>&nbsp;<\/p>\n<p><span style=\"color: #999999;\"><em>(8)<\/em><\/span> Auch Oscar de la Renta im linken Bild m\u00f6chte uns mit Motiven entz\u00fccken, die leicht orientalisch daherkommen.<\/p>\n<p>Der schottische Designer Christopher Kane (rechtes Bild) macht Furore mit der Symbiose von H\u00e4kelstoffen und gef\u00e4rbtem Leder.<\/p>\n<p>&nbsp;<\/p>\n<hr \/>\n<p>Die Liste ist unendlich und wird sie wahrscheinlich auch bleiben.<br \/>\n\u00dcber hundert Jahre&#8230;was f\u00fcr ein immenser Erfolg der kleinen Quadrate.<\/p>\n<p>Und Du? Hast Du auch schon ein Granny Square geh\u00e4kelt?<\/p>\n<p>&nbsp;<\/p>\n<hr \/>\n<p>&nbsp;<\/p>\n<p><span style=\"text-decoration: underline; color: #808080;\">Legende:<\/span><br \/>\n<span style=\"color: #999999;\"><em>(1)<\/em><span style=\"color: #000000;\"> Auszug aus H\u00e4keln und Makramee &#8211; M.Stradal<\/span><\/span><br \/>\n<span style=\"color: #999999;\"><em>(2) <\/em><span style=\"color: #000000;\">Friedrich Schiller &#8211; das Lied von der Glocke<\/span><\/span><br \/>\n<span style=\"color: #999999;\"><em>(3) <\/em><span style=\"color: #000000;\"><a href=\"http:\/\/versponnenes.blogspot.com\/\" target=\"_blank\" rel=\"noopener\"><span style=\"color: #800080;\"><em>Versponnenes Katja Rubin<\/em><\/span><\/a><em>\u00a0<\/em><br \/>\n<em><span style=\"color: #999999;\">(4) <\/span><a href=\"https:\/\/www.rosape.de\/2010\/10\/rosas-grey-hexagon-blanket\/\" target=\"_blank\" rel=\"noopener\"><span style=\"color: #800080;\">rosa\u00b4s grey hexagon blanket<\/span><\/a> <\/em><br \/>\n<em><span style=\"color: #999999;\">(5)<\/span>\u00a0<\/em><a href=\"http:\/\/omakoppa.blogspot.com\/\" target=\"_blank\" rel=\"noopener\"><span style=\"color: #993366;\"><em>omA Koppa<\/em><br \/>\n<\/span><\/a><\/span><\/span><span style=\"color: #999999;\"><em>(6) <\/em><span style=\"color: #000000;\">Bildquellen <a href=\"https:\/\/www.modaoperandi.com\/dolce-gabbana-ss19\/hand-woven-knit-jacket\" target=\"_blank\" rel=\"noopener\"><span style=\"color: #800080;\"><em>1<\/em><\/span><\/a>, <a href=\"https:\/\/www.crochetconcupiscence.com\/2012\/02\/more-dolce-gabbana-crochet-handbags\/\" target=\"_blank\" rel=\"noopener\"><span style=\"color: #800080;\"><em>2<\/em><\/span><\/a><\/span><\/span><br \/>\n<span style=\"color: #999999;\"><em>(7) <\/em><span style=\"color: #000000;\">Bildquellen <a href=\"https:\/\/www.fashiongonerogue.com\/cate-blanchett-wears-dior-haute-couture-39th-deauville-film-festival\/?utm_source=feedburner&amp;utm_medium=feed&amp;utm_campaign=Feed:+FashionGoneRogue+(Fashion+Gone+Rogue)\" target=\"_blank\" rel=\"noopener\"><span style=\"color: #800080;\"><em>1<\/em><\/span><\/a>, <a href=\"https:\/\/www.womenstyle.com\/awesome-crochet-granny-square-dresses-ideas-for-summer\/\" target=\"_blank\" rel=\"noopener\"><em><span style=\"color: #993366;\">2<\/span><\/em><\/a>, <a href=\"https:\/\/www.crochetmagazine.com\/printer.php?mode=article&amp;article_id=1589\" target=\"_blank\" rel=\"noopener\"><span style=\"color: #993366;\"><em>3<br \/>\n<\/em><\/span><\/a><span style=\"color: #999999;\"><em>(8)<\/em><\/span> Bildquellen: <a href=\"https:\/\/thelittletreasures.blogspot.com\/2019\/02\/crochet-on-runway.html\" target=\"_blank\" rel=\"noopener\"><span style=\"color: #800080;\"><em>1<\/em><\/span><\/a>, <a href=\"https:\/\/www.crochetmagazine.com\/printer.php?mode=article&amp;article_id=1589\" target=\"_blank\" rel=\"noopener\"><span style=\"color: #800080;\"><em>2<\/em><\/span><\/a><br \/>\n<\/span><\/span><\/p>\n<p>Copyright 2019 &#8211; Birgit Bidder Artl\u00e4nder H\u00e4kelwerkstatt &#8211; All rights reserved<\/p>\n<p>&nbsp;<\/p>\n<p>&nbsp;<\/p>\n<p>&nbsp;<\/p>\n","protected":false},"excerpt":{"rendered":"<p>Das schw\u00e4bisch-besinnlich-&#8222;schiller&#8220;sche Zitat eines Stuttgarter Oberb\u00fcrgermeisters zur Er\u00f6ffnung einer Ausstellung 1957 (1) mag heute vielleicht altmodisch daherkommen, doch trifft&hellip;<\/p>\n","protected":false},"author":1,"featured_media":0,"parent":0,"menu_order":0,"comment_status":"closed","ping_status":"closed","template":"","meta":{"footnotes":""},"class_list":["post-1869","page","type-page","status-publish","hentry"],"_links":{"self":[{"href":"https:\/\/www.cadooh.de\/index.php\/wp-json\/wp\/v2\/pages\/1869","targetHints":{"allow":["GET"]}}],"collection":[{"href":"https:\/\/www.cadooh.de\/index.php\/wp-json\/wp\/v2\/pages"}],"about":[{"href":"https:\/\/www.cadooh.de\/index.php\/wp-json\/wp\/v2\/types\/page"}],"author":[{"embeddable":true,"href":"https:\/\/www.cadooh.de\/index.php\/wp-json\/wp\/v2\/users\/1"}],"replies":[{"embeddable":true,"href":"https:\/\/www.cadooh.de\/index.php\/wp-json\/wp\/v2\/comments?post=1869"}],"version-history":[{"count":7,"href":"https:\/\/www.cadooh.de\/index.php\/wp-json\/wp\/v2\/pages\/1869\/revisions"}],"predecessor-version":[{"id":2339,"href":"https:\/\/www.cadooh.de\/index.php\/wp-json\/wp\/v2\/pages\/1869\/revisions\/2339"}],"wp:attachment":[{"href":"https:\/\/www.cadooh.de\/index.php\/wp-json\/wp\/v2\/media?parent=1869"}],"curies":[{"name":"wp","href":"https:\/\/api.w.org\/{rel}","templated":true}]}}