{"id":203,"date":"2016-07-25T13:05:57","date_gmt":"2016-07-25T11:05:57","guid":{"rendered":"http:\/\/www.cadooh.de\/?page_id=203"},"modified":"2025-10-22T10:42:00","modified_gmt":"2025-10-22T08:42:00","slug":"cadooh-crochet-2","status":"publish","type":"page","link":"https:\/\/www.cadooh.de\/index.php\/cadooh-crochet-2\/","title":{"rendered":"birgit luise bidder design"},"content":{"rendered":"<p>Huch?<br \/>\nWas ist denn <strong>H\u00c4NFKELN<\/strong> ???<br \/>\nKlingt doch wie H\u00e4keln, oder?<img decoding=\"async\" src=\"https:\/\/www.cadooh.de\/wp-content\/plugins\/wp-edit\/plugins\/emoticons\/img\/smiley-laughing.gif\" \/><\/p>\n<p>Frau Bidders eigene Wortspielerei nat\u00fcrlich.<\/p>\n<p>Nachdem damals vor Jahren im alten L\u00e4dchen Cadooh meine &#8222;H\u00e4nflinge&#8220; (Hanfgarnkn\u00e4ule) eingezogen waren, juckte es mich pl\u00f6tzlich in den Fingern, die H\u00e4kelnadel zu nehmen und etwas aus dem groben Bindfaden zu gestalten.<br \/>\nIch hatte in einer Gartenzeitschrift sehr reizvolle H\u00e4kelwerke zu diesem Thema gesehen:<br \/>\nHanf, Jute, Leinen oder Flachs oder auch ganz grobe Verpackungsbindf\u00e4den wurden zu K\u00f6rben oder Tischdekos verh\u00e4kelt. Kleine handarbeitliche Schmuckst\u00fccke, die besonders in Verbindung mit der Gartenwelt bezaubernd auf mich wirkten und meine Phantasie anregten.<\/p>\n<p><a href=\"https:\/\/www.crazypatterns.net\/de\/store\/CadoohARTland\" target=\"_blank\" rel=\"noopener\"><img loading=\"lazy\" decoding=\"async\" class=\"alignleft\" src=\"https:\/\/www.cadooh.de\/wp-content\/uploads\/2016\/08\/Anleitung_shop_a.jpg\" alt=\"\" width=\"350\" height=\"262\" \/><\/a><\/p>\n<p>\u00dcberall sah ich schon kleine Bindfadenwichtel rumlungern (&#8230;nene, alles ohne Alkoholeinwirkung oder Grasgr\u00fcnes:-)) Selbst im Haus hat dieser nat\u00fcrliche Werkstoff Bindfaden seinen besonderen Flair als Homedecor und einen besonders rustikalen Chick in Verbindung mit Holz oder Glas.<br \/>\nViele Ideen nehmen nun immer mehr Gestalt an und ich m\u00f6chte diese peu-\u00e0-peu mit Euch teilen.<\/p>\n<p>Und so entstand f\u00fcr mich das H\u00e4nfkeln.<\/p>\n<p>H\u00e4keln mit Hanf oder auch das H\u00e4keln mit Naturbindf\u00e4den, werden hier unter der Kategorie &#8222;Geh\u00e4nfkelt&#8220; zu finden sein.<\/p>\n<p>&nbsp;<\/p>\n<p>So gibt es dann Ideen zu Ostern, Weihnachten und f\u00fcr Zwischendurch und Dekotipps f\u00fcr Drinnen und Drau\u00dfen und &#8222;Wei\u00dfgottwasesnochf\u00fcrdingegibt&#8220;-Geh\u00e4nfkeltes. Meine H\u00e4kel-\/H\u00e4nfkel-Anleitungen findet Ihr jetzt auf Deutsch (und Englisch) bei <span style=\"color: #339966;\"><a style=\"color: #339966;\" href=\"https:\/\/www.crazypatterns.net\/de\/store\/CadoohARTland\" target=\"_blank\" rel=\"noopener\"><strong>CrazyPatterns<\/strong><\/a><\/span>, <span style=\"color: #ff0000;\"><a style=\"color: #ff0000;\" href=\"https:\/\/www.kasuwa.de\/shop\/cadoohartland\" target=\"_blank\" rel=\"noopener\"><strong>Kasuwa<\/strong><\/a><\/span> &amp;\u00a0<span style=\"color: #0000ff;\"><strong><a style=\"color: #0000ff;\" href=\"https:\/\/www.etsy.com\/shop\/CadoohARTland\" target=\"_blank\" rel=\"noopener\">Etsy<\/a><\/strong><\/span><\/p>\n<p>Auf alle F\u00e4lle: &#8222;Habt Spa\u00df mit der Bindf\u00e4delei!&#8220;<br \/>\nEure Frau Bidder<\/p>\n<p>&nbsp;<\/p>\n","protected":false},"excerpt":{"rendered":"<p>Huch? Was ist denn H\u00c4NFKELN ??? Klingt doch wie H\u00e4keln, oder? Frau Bidders eigene Wortspielerei nat\u00fcrlich. Nachdem damals vor&hellip;<\/p>\n","protected":false},"author":1,"featured_media":0,"parent":0,"menu_order":0,"comment_status":"closed","ping_status":"closed","template":"","meta":{"footnotes":""},"class_list":["post-203","page","type-page","status-publish","hentry"],"_links":{"self":[{"href":"https:\/\/www.cadooh.de\/index.php\/wp-json\/wp\/v2\/pages\/203","targetHints":{"allow":["GET"]}}],"collection":[{"href":"https:\/\/www.cadooh.de\/index.php\/wp-json\/wp\/v2\/pages"}],"about":[{"href":"https:\/\/www.cadooh.de\/index.php\/wp-json\/wp\/v2\/types\/page"}],"author":[{"embeddable":true,"href":"https:\/\/www.cadooh.de\/index.php\/wp-json\/wp\/v2\/users\/1"}],"replies":[{"embeddable":true,"href":"https:\/\/www.cadooh.de\/index.php\/wp-json\/wp\/v2\/comments?post=203"}],"version-history":[{"count":19,"href":"https:\/\/www.cadooh.de\/index.php\/wp-json\/wp\/v2\/pages\/203\/revisions"}],"predecessor-version":[{"id":4079,"href":"https:\/\/www.cadooh.de\/index.php\/wp-json\/wp\/v2\/pages\/203\/revisions\/4079"}],"wp:attachment":[{"href":"https:\/\/www.cadooh.de\/index.php\/wp-json\/wp\/v2\/media?parent=203"}],"curies":[{"name":"wp","href":"https:\/\/api.w.org\/{rel}","templated":true}]}}