{"id":3222,"date":"2022-05-17T16:32:59","date_gmt":"2022-05-17T14:32:59","guid":{"rendered":"https:\/\/www.cadooh.de\/?page_id=3222"},"modified":"2023-05-31T15:37:09","modified_gmt":"2023-05-31T13:37:09","slug":"shopping-linnet","status":"publish","type":"page","link":"https:\/\/www.cadooh.de\/index.php\/frau-bidder\/shopping-linnet\/","title":{"rendered":"Shopping Linnet"},"content":{"rendered":"<p><strong><u><img loading=\"lazy\" decoding=\"async\" class=\"alignleft\" src=\"https:\/\/www.cadooh.de\/wp-content\/uploads\/2022\/05\/collage1a.jpg\" alt=\"\" width=\"646\" height=\"648\" \/><br \/>\nEinkauf-Tipps<br \/>\n<\/u><\/strong><strong><u>f\u00fcr Lady Linnets Gartenhut &amp; Hutnadel<\/u><\/strong><\/p>\n<p>Meine Empfehlungen beruhen auf privaten Erfahrungen. Ich bekomme f\u00fcr die folgenden Tipps kein Geld oder andere Verg\u00fcnstigungen. Es ist unbeauftragte Werbung. Ich kaufe bei den H\u00e4ndlern selbst und bewerte Verpackung, Versandschnelligkeit und Kundenfreundlichkeit.<br \/>\nEs gibt bestimmt noch hundert andere gut Shops, aber das sind die hier, bei denen ich das Material f\u00fcr den Hut gekauft habe. Ich habe ansonsten keinen Einfluss auf die Gesch\u00e4fte, Lager, Ausverkauf und Versand.<br \/>\n<em><strong>(Mit der Maus auf den Link gehen, dann STRG-Taste und klicken)<\/strong><\/em><\/p>\n<p><strong><u>Das Baumwoll-Leinengarn BOMULL-LIN:<\/u><\/strong><br \/>\nDie norwegische Firma DROPS hat ein breit gef\u00e4chertes und g\u00fcnstiges Sortiment an Wolle.<br \/>\nEs finden sich oft saisonale Rabatte und viele Gratis-Anleitungen.<br \/>\nInformationen findest Du auf deren Hauptseite <a href=\"https:\/\/www.garnstudio.com\/home.php?cid=9\" target=\"_blank\" rel=\"noopener\"><strong>GARNSTUDIO<\/strong><\/a><br \/>\n<u><br \/>\n<\/u><\/p>\n<p>&nbsp;<\/p>\n<p><u>Meine Lieblingsh\u00e4ndler f\u00fcr Drops-Garne (gut verpackt und z\u00fcgig versendet)<\/u>:<br \/>\n<strong>1)<\/strong> Frau M\u00fcller aus Borken mit ihrem Shop <a href=\"https:\/\/www.woll-elli.de\/\" target=\"_blank\" rel=\"noopener\"><strong>WOLL-ELLI<\/strong><\/a><strong> &amp; 2) <\/strong>Frau Bauer aus Kutenholz mit ihrem Shop <a href=\"https:\/\/mondolana.de\/\" target=\"_blank\" rel=\"noopener\"><strong>MONDOLANA<\/strong><\/a><strong><br \/>\n<\/strong>Andere H\u00e4ndler findest Du auf der Website von Drops.<\/p>\n<p><u>Lieblingsh\u00e4ndlerin f\u00fcr <strong>Goldschild-Leinen<\/strong>:<\/u><br \/>\nFrau Sarzio aus Ladbergen mit ihrem Shop <a href=\"https:\/\/www.kloeppel-werkstatt.de\" target=\"_blank\" rel=\"noopener\"><strong>KL\u00d6PPEL-WERKSTATT<\/strong><\/a><\/p>\n<p><strong><u>Der Hutdraht<\/u><\/strong> war nicht einfach zu finden.<br \/>\nIch habe den Draht hier erworben: <a href=\"https:\/\/neheleniapatterns.com\/\" target=\"_blank\" rel=\"noopener\"><strong>NEHELENIAPATTERNS<\/strong><\/a><strong><br \/>\n<\/strong>Entz\u00fcckende Seite. Der Versand ist leider recht teuer.<\/p>\n<p><u>Bei meiner Recherche<\/u>: bin ich noch auf den Shop <a href=\"https:\/\/www.hutzubehoer-bender.de\/\" target=\"_blank\" rel=\"noopener\"><strong>BENDER<\/strong><\/a> f\u00fcr Hutzubeh\u00f6r gesto\u00dfen.<br \/>\nLeider kein oder noch kein online-store. Aber viel zu staunen J<\/p>\n<p>Nat\u00fcrlich sind die Engl\u00e4nder bei den H\u00fcten ganz vorn. Bei Etsy habe ich noch den Shop von Michelle\u00a0 <a href=\"https:\/\/www.etsy.com\/shop\/Petershams\" target=\"_blank\" rel=\"noopener\"><strong>PETERSHAMS<\/strong><\/a> gefunden.<br \/>\nWer die Versandkosten nicht scheut, wird hier bestimmt f\u00fcndig. Selbst habe ich hier noch nichts gekauft.<\/p>\n<p><strong>NEU<\/strong> entdeckt ist der <span style=\"color: #3366ff;\"><strong><a style=\"color: #3366ff;\" href=\"https:\/\/www.seidenversand.de\/\" target=\"_blank\" rel=\"noopener\">Seidenversand<\/a> <\/strong><\/span>aus G\u00f6ttingen, der auch Hutmacherbedarf f\u00fchrt.<br \/>\nDa habe ich gerade f\u00fcr die BLACK LADY bestellt. Verkaufen auch \u00fcber Ebay.<br \/>\nSchneller Versand.<\/p>\n<p><strong>\u2665\u2665\u2665\u2665\u2665\u2665\u2665\u2665\u2665\u2665\u2665\u2665\u2665\u2665\u2665\u2665\u2665\u2665\u2665\u2665\u2665\u2665\u2665\u2665\u2665\u2665\u2665\u2665\u2665\u2665\u2665\u2665\u2665\u2665\u2665\u2665\u2665\u2665\u2665\u2665\u2665\u2665\u2665\u2665\u2665\u2665\u2665\u2665\u2665\u2665\u2665\u2665\u2665\u2665\u2665\u2665\u2665\u2665\u2665\u2665\u2665\u2665\u2665\u2665\u2665\u2665\u2665\u2665\u2665\u2665\u2665\u2665\u2665\u2665\u2665\u2665\u2665\u2665\u2665\u2665\u2665\u2665\u2665\u2665\u2665\u2665\u2665\u2665\u2665\u2665\u2665\u2665\u2665\u2665\u2665\u2665\u2665\u2665\u2665\u2665\u2665\u2665\u2665\u2665\u2665\u2665\u2665\u2665\u2665\u2665\u2665\u2665\u2665\u2665\u2665\u2665\u2665\u2665\u2665<\/strong><\/p>\n<p>Eine sch\u00f6ne Hutnadel in Deutschland zu finden, war auch nicht leicht.<br \/>\nDa hatte ich schon bestimmte Vorstellungen.<br \/>\n<img loading=\"lazy\" decoding=\"async\" class=\"alignleft\" src=\"https:\/\/www.cadooh.de\/wp-content\/uploads\/2022\/06\/7a.jpg\" alt=\"\" width=\"301\" height=\"217\" \/>Es sollte ja eine Siebplatte vorhanden sein, an der ich den Schmetterling befestigen kann. Auch hier bin ich bei Etsy f\u00fcndig geworden und habe hier auch sehr zufrieden gekauft.<br \/>\n<strong>Kann ich also empfehlen: <\/strong>Shop von Frau Bischoff aus Dresden <a href=\"https:\/\/www.etsy.com\/shop\/perlenalchemy\" target=\"_blank\" rel=\"noopener\"><strong>PERLENALCHEMY<\/strong><\/a><strong><br \/>\n<\/strong>Sie verkauft auch auf <a href=\"https:\/\/www.kasuwa.de\/shop\/perlenalchemie\"><strong>KASUWA<\/strong><\/a>.<\/p>\n<p>Knopflos scheint Shoplos \ud83d\ude41 &#8230; <del>Auch Frau Darmann aus Berlin mit ihrem Shop <strong>KNOPFLOSBERLIN<\/strong><strong> auf Etsy <\/strong>bietet noch sch\u00f6ne Vintagenadeln an, sowie andere sch\u00f6ne Broschen. Ansonsten ist bei ihr nat\u00fcrlich Knopfalarm \ud83d\ude09<\/del><\/p>\n<p>Andere Broschen, Dr\u00e4hte in der St\u00e4rke 0,3mm, etc. findet ihr nat\u00fcrlich bei den Gro\u00dfen der Branche, wie Ebay oder Amazon direkt aus China, etc.<br \/>\noder lieber bei Frau Salzinger aus Tann mit ihrem Shop <a href=\"https:\/\/shop.teddys-handarbeiten.de\/\" target=\"_blank\" rel=\"noopener\"><strong>TEDDYS-HANDARBEITEN<\/strong><\/a><strong>: <\/strong>Hier nach <em>Messingdraht gold <\/em>suchen. Hier habe ich schon \u00f6fters gekauft \u2013 auch Perlen und andere Dr\u00e4hte f\u00fcr Klosterarbeiten wie Gantuell- oder Plombendraht \u2013 und war immer zufrieden. Sehr netter Kontakt.<\/p>\n<p><img loading=\"lazy\" decoding=\"async\" class=\"alignleft\" src=\"https:\/\/www.cadooh.de\/wp-content\/uploads\/2022\/06\/Textil2.jpg\" alt=\"\" width=\"300\" height=\"188\" \/>Textilgarne kaufe ich gerne beim <a href=\"https:\/\/textilgarnstueble.com\/\" target=\"_blank\" rel=\"noopener\"><strong>Textilgarnst\u00fcble v<\/strong><\/a>on Frau Winkler-Strobelberger. Es wurde schnell versendet und es gibt immer sch\u00f6ne Rabattaktionen.<\/p>\n<p>Die dicke au\u00dfergew\u00f6hnliche H\u00e4kelnadel habe ich von Jan Meyer Kunsthandwerk <a href=\"https:\/\/www.etsy.com\/shop\/WollHand\" target=\"_blank\" rel=\"noopener\"><strong>WollHand<\/strong><\/a> bei Etsy erworben. Endlich mal eine gr\u00f6\u00dfere H\u00e4kelnadel, die nicht bricht und auch noch toll in der Hand liegt \u2026 und dann auch noch nachhaltig aus Holz \u2026<\/p>\n<p>Happy Shopping, meine Damen!<\/p>\n<p><strong>\u2665\u2665\u2665\u2665\u2665\u2665\u2665\u2665\u2665\u2665\u2665\u2665\u2665\u2665\u2665\u2665\u2665\u2665\u2665\u2665\u2665\u2665\u2665\u2665\u2665\u2665\u2665\u2665\u2665\u2665\u2665\u2665\u2665\u2665\u2665\u2665\u2665<\/strong><br \/>\n<u><br \/>\n<em>Haftung f\u00fcr Links<br \/>\n<\/em><\/u><em>Meine Einkauftipps enthalten Links zu externen Webseiten Dritter, auf deren Inhalte ich keinen Einfluss habe. Deshalb kann ich f\u00fcr diese fremden Inhalte auch keine Gew\u00e4hr \u00fcbernehmen. F\u00fcr die Inhalte der verlinkten Seiten ist stets der jeweilige Anbieter oder Betreiber der Seiten verantwortlich. Die verlinkten Seiten wurden zum Zeitpunkt der Verlinkung auf m\u00f6gliche Rechtsverst\u00f6\u00dfe \u00fcberpr\u00fcft. Rechtswidrige Inhalte waren zum Zeitpunkt der Verlinkung nicht erkennbar. Eine permanente inhaltliche Kontrolle der verlinkten Seiten ist jedoch ohne konkrete Anhaltspunkte einer Rechtsverletzung nicht zumutbar.<br \/>\nBei Bekanntwerden von Rechtsverletzungen werde ich derartige Links umgehend entfernen.<\/em><\/p>\n","protected":false},"excerpt":{"rendered":"<p>Einkauf-Tipps f\u00fcr Lady Linnets Gartenhut &amp; Hutnadel Meine Empfehlungen beruhen auf privaten Erfahrungen. Ich bekomme f\u00fcr die folgenden Tipps&hellip;<\/p>\n","protected":false},"author":1,"featured_media":0,"parent":128,"menu_order":2,"comment_status":"closed","ping_status":"closed","template":"","meta":{"footnotes":""},"class_list":["post-3222","page","type-page","status-publish","hentry"],"_links":{"self":[{"href":"https:\/\/www.cadooh.de\/index.php\/wp-json\/wp\/v2\/pages\/3222","targetHints":{"allow":["GET"]}}],"collection":[{"href":"https:\/\/www.cadooh.de\/index.php\/wp-json\/wp\/v2\/pages"}],"about":[{"href":"https:\/\/www.cadooh.de\/index.php\/wp-json\/wp\/v2\/types\/page"}],"author":[{"embeddable":true,"href":"https:\/\/www.cadooh.de\/index.php\/wp-json\/wp\/v2\/users\/1"}],"replies":[{"embeddable":true,"href":"https:\/\/www.cadooh.de\/index.php\/wp-json\/wp\/v2\/comments?post=3222"}],"version-history":[{"count":10,"href":"https:\/\/www.cadooh.de\/index.php\/wp-json\/wp\/v2\/pages\/3222\/revisions"}],"predecessor-version":[{"id":3648,"href":"https:\/\/www.cadooh.de\/index.php\/wp-json\/wp\/v2\/pages\/3222\/revisions\/3648"}],"up":[{"embeddable":true,"href":"https:\/\/www.cadooh.de\/index.php\/wp-json\/wp\/v2\/pages\/128"}],"wp:attachment":[{"href":"https:\/\/www.cadooh.de\/index.php\/wp-json\/wp\/v2\/media?parent=3222"}],"curies":[{"name":"wp","href":"https:\/\/api.w.org\/{rel}","templated":true}]}}