{"id":3406,"date":"2022-09-20T11:55:56","date_gmt":"2022-09-20T09:55:56","guid":{"rendered":"https:\/\/www.cadooh.de\/?page_id=3406"},"modified":"2022-09-21T09:21:26","modified_gmt":"2022-09-21T07:21:26","slug":"wpi-wrap-per-inch","status":"publish","type":"page","link":"https:\/\/www.cadooh.de\/index.php\/wpi-wrap-per-inch\/","title":{"rendered":"wpi = wrap per inch"},"content":{"rendered":"<p><img loading=\"lazy\" decoding=\"async\" class=\"alignleft\" src=\"https:\/\/www.cadooh.de\/wp-content\/uploads\/2022\/09\/wpi1_klein.jpg\" alt=\"\" width=\"500\" height=\"263\" \/><\/p>\n<p><strong>WPI? <\/strong><br \/>\n<strong>Wie in England und den USA die Dicke des Garns angegeben\u00a0wird<\/strong><\/p>\n<p>Diese Ma\u00dfeinheit sollte mittlerweile Standard bei Designern in Deutschen Strick- und H\u00e4kelanleitungen sein. In England und in den USA ist es Gang und G\u00e4be.<\/p>\n<p>Aber was ist nun der oder das wpi?<\/p>\n<p>Du hast einen gro\u00dfen Vorrat an Wollkn\u00e4uels und-str\u00e4ngen, aber leider ohne Etikett\/Banderole mit Hinweisen auf Gewicht\/Laufl\u00e4nge (die verschwinden bei mir auch immer auf geheimnisvolle Weise) und m\u00f6chtest jetzt ein neues Strick- oder H\u00e4kelprojekt beginnen? Wie bestimme ich das Garngewicht? Was f\u00fcr Wolle habe ich da auf Lager?<\/p>\n<p>Oder was ist mit Jutegarn f\u00fcr Frau Bidders H\u00e4nfkel-Projekte? Habe ich das richtige Garn daf\u00fcr?<\/p>\n<p><strong>Es gibt ein kleines Geheimnis mit Namen wpi (wrap per inch \u2013 dt.: Umwicklung pro Zoll)<\/strong><\/p>\n<p><u>Was Du ben\u00f6tigst:<\/u><br \/>\n* das geheimnisvolle Garn<br \/>\n* ein Lineal oder z.B. auch einen Bleistift (es muss ein Objekt mit gleichm\u00e4\u00dfigem Umfang sein)<br \/>\n<span style=\"text-decoration: underline;\">So bestimmst Du das Garngewicht:<\/span><br \/>\nWickel das Garn zun\u00e4chst um den Bleistift. Wickel nicht zu fest. Das Ziel ist es, die Garnstr\u00e4nge so eng wie m\u00f6glich zusammenzulegen, ohne dass sie sich \u00fcberlappen, es sich also keine Zwischenr\u00e4ume bilden.<\/p>\n<p><strong>Wenn Du Dein Garn nun umwickelt hast, z\u00e4hle, wie oft Du es \u2013 innerhalb eines inches\/Zoll um den Stift gewickelt hast.<\/strong><br \/>\n<strong>Hinweis: 1 inch = 2,54cm<br \/>\n<\/strong><\/p>\n<hr \/>\n<p><img loading=\"lazy\" decoding=\"async\" class=\"alignleft\" src=\"https:\/\/www.cadooh.de\/wp-content\/uploads\/2022\/09\/wpi2.jpg\" alt=\"\" width=\"500\" height=\"303\" \/><\/p>\n<p><span style=\"text-decoration: underline;\"><strong>Mein Lieblings-Jutegarn zum H\u00e4keln:<\/strong><\/span><\/p>\n<p>3fach gezwirnt, (EU 500x3tex, NM 2\/3), Frb. Natur,<br \/>\n(z.B. 200g\/ca.120-133m LL, Fadenst\u00e4rke ca. 1,75-2,0mm, <a href=\"https:\/\/totallymyown.wordpress.com\/2012\/02\/12\/wpi-4ply-bulky-wie-in-england-und-den-usa-die-dicke-des-garns-angegeben-wird\/\"><strong>Wpi<\/strong><\/a> = 12,<br \/>\nd.h. Du wickelst locker ca.12x den Faden um 1 Zoll (2,54cm)<\/p>\n<p>Kammz\u00fcge, Seile, Garne, Zwirne, etc. haben jedoch ein anderes Bemessungssystem als Wollgarne. Die Feinheit wird hier entweder als l\u00e4ngenbezogene Masse (Gewichtsnummerierung wie Tex-Systeme) oder massebezogene L\u00e4nge (L\u00e4ngennummerierung wie Nm o. Ne-Systeme) angegeben.<\/p>\n<p><strong>Trotzdem l\u00e4sst sich mit der wpi-Methode, ein passendes Jutegarn zu meinen Anleitungen finden. Mit der angegebenen Jute wurden schon viele Projekte\/H\u00e4kelanleitungen\u00a0 von mir gefertigt: <span style=\"text-decoration: underline;\"><span style=\"color: #3366ff;\"><a style=\"color: #3366ff; text-decoration: underline;\" href=\"https:\/\/www.crazypatterns.net\/de\/items\/65248\/hauswichtel-snorre-landhausdeko-ca-60cm-lang\" target=\"_blank\" rel=\"noopener\">Snorre<\/a><\/span><\/span>, \u00a0<span style=\"text-decoration: underline;\"><span style=\"color: #3366ff;\"><a style=\"color: #3366ff; text-decoration: underline;\" href=\"https:\/\/www.crazypatterns.net\/de\/items\/24275\/jutes-bauernherz-landhausdeko\" target=\"_blank\" rel=\"noopener\">Jutes Bauernherz<\/a><\/span><\/span>, \u00a0<span style=\"text-decoration: underline;\"><span style=\"color: #3366ff;\"><a style=\"color: #3366ff; text-decoration: underline;\" href=\"https:\/\/www.crazypatterns.net\/de\/items\/74057\/grosse-medaillon-kette-luise-victoria\" target=\"_blank\" rel=\"noopener\">Medaillon-Kette Luise-Victoria<\/a><\/span><\/span>, \u00a0<span style=\"text-decoration: underline;\"><span style=\"color: #3366ff;\"><a style=\"color: #3366ff; text-decoration: underline;\" href=\"https:\/\/www.crazypatterns.net\/de\/items\/54263\/julkringel-landhausdeko-weihnachten-ostern\" target=\"_blank\" rel=\"noopener\">Julkringel<\/a><\/span><\/span>, etc.<\/strong><\/p>\n<hr \/>\n<p>Aber zur\u00fcck zu der eigentlichen wpi-Bestimmung:<br \/>\nWenn Du ein Garn verwendest, dessen Form nicht einheitlich ist, wie z. B. ein Wimperngarn, solltest Du es l\u00e4nger als einen inch umwickeln, um ein m\u00f6glichst genaues Ma\u00df zu erhalten. (In diesem Fall wickle ca. 5cm, z\u00e4hle die Wicklungen und teile dann durch 2, um auf das Ergebnis per<br \/>\ninch zu kommen).<\/p>\n<p>Mittlerweile gibt es auch h\u00fcbsche wpi-tools aus Holz. Zumeist aber im Ausland zu erwerben.<br \/>\nOder schneide einfach (wie Foto ganz oben) aus einem Karton ein St\u00fcck im Ma\u00dfe 2,54cm aus.<br \/>\nIn diesen Zwischenraum dann wickeln.<\/p>\n<hr \/>\n<p>Die Wolle wird anhand der Wicklungen\u00a0 in den USA nach einem <span style=\"color: #3366ff;\"><strong><a style=\"color: #3366ff;\" href=\"http:\/\/www.craftyarncouncil.com\/weight.html\">Standard Yarn Weight System<\/a>\u00a0<\/strong><\/span>in 6 Kategorien eingeteilt<br \/>\n(empfohlene H\u00e4kelnadeln in Klammern):<\/p>\n<p><strong>35 oder mehr Umwicklungen: 0=lace (H\u00e4kelnadel EU Nr.1,5-2,25mm)<\/strong><\/p>\n<p><em>Spitzengarne (lace weight) werden in der Regel mit gr\u00f6\u00dferen Strick- und H\u00e4kelnadeln gearbeitet, um spitzenartige, durchbrochene Muster zu erzeugen. Hier ist es also schwierig, einen Messbereich zu bestimmen. <\/em><\/p>\n<p><strong>14-30 Umwicklungen: 1=super fine (H\u00e4kelnadel EU Nr.2,25-3,5mm)<\/strong><\/p>\n<p><strong>12-18 Umwicklungen: 2=fine (H\u00e4kelnadel EU Nr.3,5-4,5mm)<\/strong><\/p>\n<p><strong>11-15 Umwicklungen: 3=light (H\u00e4kelnadel EU Nr.4,5-5,5mm)<\/strong><\/p>\n<p><strong>9 Umwicklungen: 4=medium (H\u00e4kelnadel EU Nr.4,5-5,5mm)<\/strong><\/p>\n<p><strong>6-8 Umwicklungen: 5=bulky (H\u00e4kelnadel EU Nr.6,5-9mm)<\/strong><\/p>\n<p><strong>5-6 Umwicklungen: 6=superbulky (H\u00e4kelnadel ab EU Nr.9mm)<\/strong><\/p>\n<p>Dann gibt es f\u00fcr die einzelnen Garnarten innerhalb der Kategorien aber noch andere Namen wie (0=Thread, 1=Fingering, 2=Sport, 3=DK\/Light Worsted, 4=Worsted\/Aran\/Afghan, 5=Chunky, 6=Bulky, die sich auch noch zwischen den USA und GB\/ NZ (Angaben mit 1- 12 ply) unterscheiden.<\/p>\n<p>Eine gute Tabelle zur Orientierung bietet z.B. <span style=\"color: #3366ff;\"><strong><a style=\"color: #3366ff;\" href=\"https:\/\/en.wikipedia.org\/wiki\/Yarn_weight\" target=\"_blank\" rel=\"noopener\">Wikipedia<\/a><\/strong><\/span> (International standard weights)<\/p>\n<p>&nbsp;<\/p>\n<p>Viel Spa\u00df beim Wickeln &#8230;wrappen \ud83d\ude09<\/p>\n<p>For my English-speaking blog friends, I recommend the Craftsy website:<br \/>\n<span style=\"color: #3366ff;\"><strong><a style=\"color: #3366ff;\" href=\"https:\/\/www.craftsy.com\/post\/determining-yarn-weights\/\" target=\"_blank\" rel=\"noopener\">Mystery Stash Yarns: Determining Yarn Weights<\/a><\/strong><\/span><\/p>\n","protected":false},"excerpt":{"rendered":"<p>WPI? Wie in England und den USA die Dicke des Garns angegeben\u00a0wird Diese Ma\u00dfeinheit sollte mittlerweile Standard bei Designern&hellip;<\/p>\n","protected":false},"author":1,"featured_media":0,"parent":0,"menu_order":0,"comment_status":"closed","ping_status":"closed","template":"","meta":{"footnotes":""},"class_list":["post-3406","page","type-page","status-publish","hentry"],"_links":{"self":[{"href":"https:\/\/www.cadooh.de\/index.php\/wp-json\/wp\/v2\/pages\/3406","targetHints":{"allow":["GET"]}}],"collection":[{"href":"https:\/\/www.cadooh.de\/index.php\/wp-json\/wp\/v2\/pages"}],"about":[{"href":"https:\/\/www.cadooh.de\/index.php\/wp-json\/wp\/v2\/types\/page"}],"author":[{"embeddable":true,"href":"https:\/\/www.cadooh.de\/index.php\/wp-json\/wp\/v2\/users\/1"}],"replies":[{"embeddable":true,"href":"https:\/\/www.cadooh.de\/index.php\/wp-json\/wp\/v2\/comments?post=3406"}],"version-history":[{"count":6,"href":"https:\/\/www.cadooh.de\/index.php\/wp-json\/wp\/v2\/pages\/3406\/revisions"}],"predecessor-version":[{"id":3428,"href":"https:\/\/www.cadooh.de\/index.php\/wp-json\/wp\/v2\/pages\/3406\/revisions\/3428"}],"wp:attachment":[{"href":"https:\/\/www.cadooh.de\/index.php\/wp-json\/wp\/v2\/media?parent=3406"}],"curies":[{"name":"wp","href":"https:\/\/api.w.org\/{rel}","templated":true}]}}