{"id":3409,"date":"2022-09-16T12:29:17","date_gmt":"2022-09-16T10:29:17","guid":{"rendered":"https:\/\/www.cadooh.de\/?page_id=3409"},"modified":"2022-10-10T14:39:47","modified_gmt":"2022-10-10T12:39:47","slug":"gabel-minischleife-fork-mini-bow","status":"publish","type":"page","link":"https:\/\/www.cadooh.de\/index.php\/gabel-minischleife-fork-mini-bow\/","title":{"rendered":"Gabel &#8211; Minischleife  * fork mini bow * Pompon"},"content":{"rendered":"<p><span style=\"text-decoration: underline;\"><strong>Der Trick mit der Gabel &#8211; kleine s\u00fc\u00dfen Minischleifen<\/strong><\/span> * <em>the trick with the fork &#8211; small cute mini bows<\/em><\/p>\n<p><img loading=\"lazy\" decoding=\"async\" class=\"alignleft\" src=\"https:\/\/www.cadooh.de\/wp-content\/uploads\/2022\/09\/collage_zahlen_signed.jpg\" alt=\"\" width=\"500\" height=\"502\" \/><strong>1)<\/strong> Leg das Zierband wie einen Schal um die Gabel, wobei das linke Bandende \u00fcber dem rechten liegt.<br \/>\n<span style=\"color: #3366ff;\"><em>Wrap the ribbon around the fork like a scarf, with the left end over the right.<br \/>\n<\/em><span style=\"color: #000000;\"><strong>2-3)<\/strong> Zieh das Bandende, das sich jetzt auf der rechten Seite befindet, durch die Mitte der Zinken der Gabel nach hinten und oben. <span style=\"color: #3366ff;\"><em>Pull the ribbon, now on the right side, back and up through the center of the fork.<\/em><\/span><br \/>\n<strong>4)<\/strong> Ziehe dann das Band wieder nach vorne, mittig durch die Zinken. Ziehe es straff nach unten. <span style=\"color: #3366ff;\"><em>Then pull the ribbon forward again, centered through the prongs. Pull it down tightly.<\/em><\/span><br \/>\n<strong>5)<\/strong> Mache einen festen Knoten. <span style=\"color: #3366ff;\"><em>Tie a tight knot.<\/em><\/span><br \/>\n<strong>6)<\/strong> Wenn du die Gabel nach hinten drehst, siehst Du jetzt eine kleine s\u00fc\u00dfe Schleife. Du kannst sie jetzt von der Gabel abziehen, sie bewundern und entsprechend schneiden. <span style=\"color: #3366ff;\"><em>If you turn the fork backwards, you will now see a cute little bow. You can now pull it off the fork, admire it and cut it accordingly.<br \/>\n<\/em><span style=\"color: #000000;\"><strong>7) <\/strong>ach wie niedlich &#8230; <span style=\"color: #3366ff;\"><em>oh, how cute &#8230;<\/em><\/span><br \/>\n<strong>8) <\/strong><\/span><\/span><\/span><\/span>Wenn Du einen Anh\u00e4nger aufh\u00e4ngen m\u00f6chtest, musst Du dies bei Punkt 3 tun. Hier am hinteren Band das Schmuckst\u00fcck einziehen (hier durch einen Biegering erleichtert), dann wie gewohnt mit Punkt 4 fortfahren. <span style=\"color: #3366ff;\"><em>If you want to hang a pendant\/charm, you need to do this at point 3. Here at the back band pull in the jewelry (here facilitated by a bending ring), then continue as usual with point 4.<\/em><\/span><br \/>\n<strong>8-9)<\/strong> zeigen dir sch\u00f6ne Ergebnisse der &#8222;Snorrling&#8220; &#8211; H\u00e4kelanleitung.<br \/>\n<span style=\"color: #3366ff;\"><em>Show you beautiful results of the &#8222;Snorrling&#8220; crochet pattern.<\/em><\/span><\/p>\n<p>&nbsp;<\/p>\n<p><span style=\"text-decoration: underline;\"><strong>Was kann die Gabel noch?<br \/>\nBastel Dir einen Mini-Bommel\/Pompon!<\/strong><\/span> * <em>What else can the fork do? Craft yourself a mini pompom!\u00a0<\/em><\/p>\n<p><img loading=\"lazy\" decoding=\"async\" class=\"alignleft\" src=\"https:\/\/www.cadooh.de\/wp-content\/uploads\/2022\/09\/collage1.jpg\" alt=\"\" width=\"400\" height=\"400\" \/><br \/>\n<span style=\"text-decoration: underline;\"><strong>Ein &#8222;Snorrling-Pompon&#8220; &#8211; klein und fein &#8230; aus Fellgarn<\/strong><\/span><\/p>\n<p><strong>1)<\/strong> Wickel ca. 30-40x den Faden um die Gabelforken.<br \/>\n<strong>2)<\/strong> Knote mit Hilfe eines festeren gleichfarbigen Fadens die Mitte zusammen<br \/>\n<strong>3)<\/strong> Die Seiten aufschneiden<br \/>\n<strong>4)<\/strong> Bommel entsprechend zu einem kleinen Ball formend schneiden. Fertig! Gut gemacht! <img decoding=\"async\" src=\"https:\/\/www.cadooh.de\/wp-content\/plugins\/wp-edit\/plugins\/emoticons\/img\/smiley-laughing.gif\" \/><\/p>\n<p><span style=\"text-decoration: underline;\"><strong><span style=\"color: #3366ff;\"><em>A &#8222;Snorrling pompom&#8220; &#8211; small and fine &#8230; from fur yarn<\/em><\/span><\/strong><\/span><\/p>\n<p><span style=\"color: #3366ff;\"><em>1) Wrap the thread around the fork prongs about 30-40 times.<br \/>\n2) <\/em><\/span><span style=\"color: #3366ff;\"><em>Knot the middle together with the help of a stronger thread of the same color<br \/>\n<\/em><\/span><span style=\"color: #3366ff;\"><em>3) Cut the sides<br \/>\n<\/em><\/span><span style=\"color: #3366ff;\"><em>4) Cut pompom accordingly forming a small ball. Finished! Well done! <img decoding=\"async\" src=\"https:\/\/www.cadooh.de\/wp-content\/plugins\/wp-edit\/plugins\/emoticons\/img\/smiley-laughing.gif\" \/><\/em><\/span><\/p>\n<p>&nbsp;<\/p>\n","protected":false},"excerpt":{"rendered":"<p>Der Trick mit der Gabel &#8211; kleine s\u00fc\u00dfen Minischleifen * the trick with the fork &#8211; small cute mini&hellip;<\/p>\n","protected":false},"author":1,"featured_media":0,"parent":0,"menu_order":0,"comment_status":"closed","ping_status":"closed","template":"","meta":{"footnotes":""},"class_list":["post-3409","page","type-page","status-publish","hentry"],"_links":{"self":[{"href":"https:\/\/www.cadooh.de\/index.php\/wp-json\/wp\/v2\/pages\/3409","targetHints":{"allow":["GET"]}}],"collection":[{"href":"https:\/\/www.cadooh.de\/index.php\/wp-json\/wp\/v2\/pages"}],"about":[{"href":"https:\/\/www.cadooh.de\/index.php\/wp-json\/wp\/v2\/types\/page"}],"author":[{"embeddable":true,"href":"https:\/\/www.cadooh.de\/index.php\/wp-json\/wp\/v2\/users\/1"}],"replies":[{"embeddable":true,"href":"https:\/\/www.cadooh.de\/index.php\/wp-json\/wp\/v2\/comments?post=3409"}],"version-history":[{"count":6,"href":"https:\/\/www.cadooh.de\/index.php\/wp-json\/wp\/v2\/pages\/3409\/revisions"}],"predecessor-version":[{"id":3462,"href":"https:\/\/www.cadooh.de\/index.php\/wp-json\/wp\/v2\/pages\/3409\/revisions\/3462"}],"wp:attachment":[{"href":"https:\/\/www.cadooh.de\/index.php\/wp-json\/wp\/v2\/media?parent=3409"}],"curies":[{"name":"wp","href":"https:\/\/api.w.org\/{rel}","templated":true}]}}