{"id":3515,"date":"2023-02-20T09:29:19","date_gmt":"2023-02-20T08:29:19","guid":{"rendered":"https:\/\/www.cadooh.de\/?page_id=3515"},"modified":"2023-03-24T09:24:43","modified_gmt":"2023-03-24T08:24:43","slug":"magisch-magic","status":"publish","type":"page","link":"https:\/\/www.cadooh.de\/index.php\/magisch-magic\/","title":{"rendered":"Der magische Abschluss  * invisible join  1-2-3 magic  *"},"content":{"rendered":"<p>Der magische Abschluss &#8230; so nenn ich ihn.<br \/>\nRecht unsch\u00f6n empfinde ich oft die schlie\u00dfende Kettmasche an Steigungs-Lm (Ersatz z.B. f\u00fcr ein St\u00e4bchen), damit eine geh\u00e4kelte Runde geschlossen wird.<br \/>\nGenial ist der &#8222;magische&#8220; Abschluss einer Runde. Hier wird auf einfache Art und Weise eine &#8222;gefakte&#8220; Masche \u00fcber die erste Masche einer Runde gelegt. Nicht alle Fakes sind also unangenehm <img decoding=\"async\" src=\"https:\/\/www.cadooh.de\/wp-content\/plugins\/wp-edit\/plugins\/emoticons\/img\/smiley-undecided.gif\" \/><\/p>\n<p><span style=\"color: #0000ff;\"><em>Magic invisible join &#8230; that&#8217;s what I call it.<\/em><\/span><br \/>\n<span style=\"color: #0000ff;\"><em>I often find the closing slip stitch on beginning chains (e.g. ch3 as replacement for dc) quite unattractive, so that a crocheted round is closed.<\/em><\/span><br \/>\n<span style=\"color: #0000ff;\"><em>Ingenious is the &#8222;magic&#8220; join of a round. Here, a &#8222;fake&#8220; stitch is placed over the first stitch of a round in a simple way. So not all fakes are unpleasant<\/em><\/span> <img decoding=\"async\" src=\"https:\/\/www.cadooh.de\/wp-content\/plugins\/wp-edit\/plugins\/emoticons\/img\/smiley-undecided.gif\" \/><br \/>\n<strong>PLEASE SCROLL DOWN FOR THE ENGLISH TUTORIAL !<\/strong><\/p>\n<p>&nbsp;<\/p>\n<p><img loading=\"lazy\" decoding=\"async\" class=\"alignleft\" src=\"https:\/\/www.cadooh.de\/wp-content\/uploads\/2023\/02\/collage1_fertig.jpg\" alt=\"\" width=\"500\" height=\"501\" \/><br \/>\n<span style=\"text-decoration: underline;\">Beispiel-Collage links:<\/span><br \/>\n16 St\u00e4bchen (Stb.) sollen in der Runde geschlossen werden. Das erste St\u00e4bchen ist als 3erSteigungs-Lm geh\u00e4kelt.<\/p>\n<p><strong><span style=\"color: #ff0000;\">1)<\/span><\/strong> <strong>Die Maschen 1 -2 und 3<\/strong> werden nun von unserer H\u00e4kelfee &#8222;magisch&#8220; geschlossen. In der letzten Masche (hier das 16.Stb.) endet die Runde. Faden abschneiden und in eine Nadel f\u00e4deln.<br \/>\n<span style=\"color: #ff0000;\"><strong>2)<\/strong><\/span> Gehe mit Nadel\/Faden durch die beiden Maschenglieder (vorne\/hinten) der <strong>3.<\/strong>Masche. Ziehe den Faden komplett nach hinten durch, dann gehe zur\u00fcck nach vorne und \u00fcberspringe die <strong>2.<\/strong> Masche (die 3erLm\/Ersatz Stb.) <span style=\"color: #ff0000;\"><strong>3)<\/strong><\/span> dann steche in die 1.Masche ein, aber nehme hier nur das hintere Maschenglied (hMgl.) auf. <span style=\"color: #ff0000;\"><strong>4<\/strong><strong>)<\/strong><\/span> Hinter dem hMgl. liegt noch eine kleine Schlaufe, auch die mit der Nadel schnappen und Faden durchziehen. <span style=\"color: #ff0000;\"><strong>5)<\/strong><\/span> verwebe den Faden nach links auf der RS, dann abschneiden. Faden nicht zu stark anziehen, sonst wird die Fake-Masche vorne zu klein\u00a0 \u00a0<span style=\"color: #ff0000;\"><strong>6)<\/strong><\/span> Perfekter Rand &#8230; 1 -2 -3 &#8230; wie\u00a0 Zauberei \u2026 sooo magic <img decoding=\"async\" src=\"https:\/\/www.cadooh.de\/wp-content\/plugins\/wp-edit\/plugins\/emoticons\/img\/smiley-laughing.gif\" \/><\/p>\n<p>Diese magische Randabschuss-Art l\u00e4sst sich auch auf viele andere Maschen anwenden.<br \/>\nNur bei\u00a0 Km ist die &#8222;Magie&#8220; nicht ganz so perfekt.<\/p>\n<p><img loading=\"lazy\" decoding=\"async\" class=\"aligncenter\" src=\"https:\/\/www.cadooh.de\/wp-content\/uploads\/2023\/02\/zierstreifen.png\" alt=\"\" width=\"339\" height=\"62\" \/><\/p>\n<p style=\"text-align: center;\"><span style=\"text-decoration: underline; color: #3366ff;\"><strong>ENGLISH TUTORIAL:<\/strong><\/span><\/p>\n<p><img decoding=\"async\" class=\"alignleft\" src=\"https:\/\/www.cadooh.de\/wp-content\/uploads\/2023\/02\/collage1_fertig.jpg\" \/><br \/>\n<span style=\"text-decoration: underline;\">Example Collage left:<\/span><br \/>\n16 double crochet stitches (dc)<br \/>\nare to be closed in round. ch3 as a replacemnt for the first dc.<\/p>\n<p><strong><span style=\"color: #ff0000;\">1)<\/span><\/strong> <strong>The stitches 1 -2 and 3<\/strong> are now &#8222;magically&#8220; closed by our crochet fairy. The round ends in the last stitch (here the 16th dc). Cut yarn and thread\u00a0 a needle. <span style=\"color: #ff0000;\"><strong>2)<\/strong> <\/span>Go with needle\/thread through the two loops (front\/back) of the <strong>3.<\/strong> stitch. Pull the thread completely through to the back, then go back to the front and skip stitch<strong> 2<\/strong> (ch3-replacement\/dc) <span style=\"color: #ff0000;\"><strong>3)<\/strong><\/span> insert now in the <strong>1.<\/strong> stitch, but pick up only the back stitch loop (BLO).<br \/>\n<span style=\"color: #ff0000;\"><strong>4)<\/strong><\/span> There is a small loop behind, also snap this with the needle and pull the thread through;<br \/>\n<span style=\"color: #ff0000;\"><strong>5)<\/strong> <\/span>weave the thread to the left on the WS, then cut. Don&#8217;t tighten thread too much or fake stitch will be too small in front <span style=\"color: #ff0000;\"><strong>6)<\/strong><\/span> Perfect edge&#8230;. 1 -2 -3 magic <img decoding=\"async\" src=\"https:\/\/www.cadooh.de\/wp-content\/plugins\/wp-edit\/plugins\/emoticons\/img\/smiley-laughing.gif\" \/><\/p>\n<p>This invisible edge join can be applied to many other stitches in rounds as well.<br \/>\nOnly with slst the &#8222;magic&#8220; is not quite so perfect.<\/p>\n<p>&nbsp;<\/p>\n","protected":false},"excerpt":{"rendered":"<p>Der magische Abschluss &#8230; so nenn ich ihn. Recht unsch\u00f6n empfinde ich oft die schlie\u00dfende Kettmasche an Steigungs-Lm (Ersatz&hellip;<\/p>\n","protected":false},"author":1,"featured_media":0,"parent":0,"menu_order":0,"comment_status":"closed","ping_status":"closed","template":"","meta":{"footnotes":""},"class_list":["post-3515","page","type-page","status-publish","hentry"],"_links":{"self":[{"href":"https:\/\/www.cadooh.de\/index.php\/wp-json\/wp\/v2\/pages\/3515","targetHints":{"allow":["GET"]}}],"collection":[{"href":"https:\/\/www.cadooh.de\/index.php\/wp-json\/wp\/v2\/pages"}],"about":[{"href":"https:\/\/www.cadooh.de\/index.php\/wp-json\/wp\/v2\/types\/page"}],"author":[{"embeddable":true,"href":"https:\/\/www.cadooh.de\/index.php\/wp-json\/wp\/v2\/users\/1"}],"replies":[{"embeddable":true,"href":"https:\/\/www.cadooh.de\/index.php\/wp-json\/wp\/v2\/comments?post=3515"}],"version-history":[{"count":4,"href":"https:\/\/www.cadooh.de\/index.php\/wp-json\/wp\/v2\/pages\/3515\/revisions"}],"predecessor-version":[{"id":3608,"href":"https:\/\/www.cadooh.de\/index.php\/wp-json\/wp\/v2\/pages\/3515\/revisions\/3608"}],"wp:attachment":[{"href":"https:\/\/www.cadooh.de\/index.php\/wp-json\/wp\/v2\/media?parent=3515"}],"curies":[{"name":"wp","href":"https:\/\/api.w.org\/{rel}","templated":true}]}}