{"id":3650,"date":"2023-06-13T09:27:50","date_gmt":"2023-06-13T07:27:50","guid":{"rendered":"https:\/\/www.cadooh.de\/?page_id=3650"},"modified":"2023-06-14T14:48:31","modified_gmt":"2023-06-14T12:48:31","slug":"hutdraht-wire","status":"publish","type":"page","link":"https:\/\/www.cadooh.de\/index.php\/hutdraht-wire\/","title":{"rendered":"1mm Hutdraht &#8211; wire"},"content":{"rendered":"<p><img loading=\"lazy\" decoding=\"async\" class=\"aligncenter\" src=\"https:\/\/www.cadooh.de\/wp-content\/uploads\/2023\/06\/collage1.jpg\" alt=\"\" width=\"560\" height=\"423\" \/><\/p>\n<p style=\"text-align: center;\"><span style=\"color: #3366ff;\"><strong>PLEASE SCROLL DOWN FOR THE ENGLISH TUTORIAL !<\/strong><\/span><\/p>\n<p><strong>Beim Einkauf des 1mm-Hutdrahtes<\/strong> hatte ich mir leider keine Verbindungsh\u00fclsen mitbestellt.<br \/>\nBei der ersten Lady habe ich den Hutdraht nur mit Hilfe von transparentem Klebeband fixiert.<\/p>\n<p>Beim Aufr\u00e4umen meines B\u00fcrobedarfs fielen mir Unmengen von gesammelten, nicht-funktionierenden Kugelschreibern in die H\u00e4nde.<br \/>\nTeilweise uralte Kullis von Firmen, die gar nicht mehr existieren \u2026<br \/>\nMein Mann sammelt die Dinger wie andere Briefmarken \ud83d\ude09<\/p>\n<p>Das Innenleben eines Kugelschreibers ist interessant.<br \/>\nJedenfalls die kleine Feder .. denn die kann man als H\u00e4kelhutmacher gut als Verbindungsh\u00fclse nutzen.<\/p>\n<p>Es gibt viele unterschiedliche Gr\u00f6\u00dfen und Farben habe ich festgestellt.<br \/>\nDa muss man selbst pr\u00fcfen, welche Feder am besten f\u00fcr den Draht ist.<\/p>\n<p>Aber welche L\u00e4nge ben\u00f6tige ich f\u00fcr die Lady Linnet?<br \/>\nMan kauft ja den Draht in Meterware.<\/p>\n<p>\ud83d\udccc<span style=\"text-decoration: underline;\"><strong>Mein Tipp:<\/strong><\/span><br \/>\n\u261b <strong>1)<\/strong> Den Hut auf eine Steckplatte z.B. Styropor so legen, dass die Krempe flach aufliegt.<br \/>\nDer Hut selbst steht nach mehrmaligen Aufsetzen fast von allein\u2026 die Krempe am Rand nun mit ein paar langen Stecknadeln fixieren.<\/p>\n<p>\u261b <strong>2)<\/strong> Den Hutdraht rund um die Stecknadeln legen; etwas \u00fcberlappen, abschneiden \u2026<\/p>\n<p>\u261b <strong>3)<\/strong> und in der Kulli-Feder verbinden.<br \/>\nIch habe aber trotzdem noch etwas Klebeband benutzt und auch sp\u00e4ter beim Einh\u00e4keln in die Lady diesen Feder-\u00dcbergang<br \/>\nnoch von unterhalb der Krempe mit festem schwarzen N\u00e4hgarn fest fixiert,<br \/>\ndas sich dort nichts l\u00f6sen kann.<\/p>\n<p>Wer noch andere Tipps f\u00fcr einen 1mm-Hutdraht hat oder immens von den Verbindungsh\u00fclsen beeindruckt ist,<br \/>\ndarf mir gerne seine Erfahrungen mitteilen: info (at) cadooh.de<\/p>\n<p>\ud83d\udc52<strong>\u2665\u2665\u2665\u2665\u2665\u2665\u2665\u2665\u2665\u2665\u2665\u2665\u2665\u2665\u2665\u2665\u2665\u2665\u2665\u2665\u2665\u2665\u2665\u2665\u2665\u2665\u2665\u2665\u2665\u2665\u2665\u2665\u2665\u2665\u2665\u2665\u2665\u2665\u2665\u2665<\/strong> \ud83d\udc52 <strong>\u2665\u2665\u2665\u2665\u2665\u2665\u2665\u2665\u2665\u2665\u2665\u2665\u2665\u2665\u2665\u2665\u2665\u2665\u2665\u2665\u2665\u2665\u2665\u2665\u2665\u2665\u2665\u2665\u2665\u2665\u2665\u2665\u2665\u2665\u2665\u2665\u2665\u2665\u2665\u2665\u2665\u2665\u2665\u2665\u2665\u2665\u2665\u2665\u2665\u2665\u2665<\/strong>\u00a0\ud83d\udc52<\/p>\n<p><span style=\"color: #3366ff;\"><em>When purchasing the 1mm hat wire, I unfortunately had not ordered any connecting sleeves.<\/em><\/span><br \/>\n<span style=\"color: #3366ff;\"><em>With the first lady have fixed the hat wire only with the help of transparent tape.<\/em><\/span><\/p>\n<p><span style=\"color: #3366ff;\"><em>While cleaning up my office supplies, tons of collected, non-functioning ballpoint pens fell into my hands.<br \/>\nSome of them were old pens from companies that no longer exist &#8230;<\/em><\/span><br \/>\n<span style=\"color: #3366ff;\"><em>My husband collects them like other stamps \ud83d\ude09<\/em><\/span><\/p>\n<p><span style=\"color: #3366ff;\"><em>The inner life of a ballpoint is interesting. <\/em><\/span><br \/>\n<span style=\"color: #3366ff;\"><em>Anyway, the small spring &#8230; because you can use it as a milliner as a connecting sleeve.<br \/>\nThere are many different sizes and colors I have found.<br \/>\nThere you have to check yourself which spring is best for the wire.<\/em><\/span><\/p>\n<p><span style=\"color: #3366ff;\"><em>But what length do I need for the Lady Linnet?<\/em><\/span><\/p>\n<p><span style=\"color: #3366ff;\"><em>Wire is available by the meter<\/em><\/span><\/p>\n<p><span style=\"color: #3366ff;\"><em>\ud83d\udccc<span style=\"text-decoration: underline;\"><strong>My tip:<\/strong><\/span><\/em><\/span><\/p>\n<p><span style=\"color: #3366ff;\"><em>\u261b <strong>1)<\/strong> Place the hat on a pegboard, e.g. Styrofoam, so that the brim lies flat.<br \/>\nThe hat itself stands almost by itself after several times&#8230;<br \/>\nnow fix the brim at the edge with a few long pins.<\/em><\/span><\/p>\n<p><span style=\"color: #3366ff;\"><em>\u261b <strong>2)<\/strong> Lay the hat wire around the pins; overlap a bit, cut off &#8230;<\/em><\/span><\/p>\n<p><span style=\"color: #3366ff;\"><em>\u261b <strong>3)<\/strong> and connect in the ballpoint-spring.<br \/>\nBut I still used some tape and also later when crocheting into the lady<br \/>\nthis spring transition from below the brim still firmly fixed with strong black sewing thread,<br \/>\nthat nothing can come loose there.<\/em><\/span><\/p>\n<p><span style=\"color: #3366ff;\"><em>Who has other tips for a 1mm hat wire or is immensely impressed by the connecting sleeves,<br \/>\nplease feel free to tell me your experiences: info (at) cadooh.de<\/em><\/span><\/p>\n","protected":false},"excerpt":{"rendered":"<p>PLEASE SCROLL DOWN FOR THE ENGLISH TUTORIAL ! Beim Einkauf des 1mm-Hutdrahtes hatte ich mir leider keine Verbindungsh\u00fclsen mitbestellt.&hellip;<\/p>\n","protected":false},"author":1,"featured_media":0,"parent":0,"menu_order":0,"comment_status":"closed","ping_status":"closed","template":"","meta":{"footnotes":""},"class_list":["post-3650","page","type-page","status-publish","hentry"],"_links":{"self":[{"href":"https:\/\/www.cadooh.de\/index.php\/wp-json\/wp\/v2\/pages\/3650","targetHints":{"allow":["GET"]}}],"collection":[{"href":"https:\/\/www.cadooh.de\/index.php\/wp-json\/wp\/v2\/pages"}],"about":[{"href":"https:\/\/www.cadooh.de\/index.php\/wp-json\/wp\/v2\/types\/page"}],"author":[{"embeddable":true,"href":"https:\/\/www.cadooh.de\/index.php\/wp-json\/wp\/v2\/users\/1"}],"replies":[{"embeddable":true,"href":"https:\/\/www.cadooh.de\/index.php\/wp-json\/wp\/v2\/comments?post=3650"}],"version-history":[{"count":4,"href":"https:\/\/www.cadooh.de\/index.php\/wp-json\/wp\/v2\/pages\/3650\/revisions"}],"predecessor-version":[{"id":3665,"href":"https:\/\/www.cadooh.de\/index.php\/wp-json\/wp\/v2\/pages\/3650\/revisions\/3665"}],"wp:attachment":[{"href":"https:\/\/www.cadooh.de\/index.php\/wp-json\/wp\/v2\/media?parent=3650"}],"curies":[{"name":"wp","href":"https:\/\/api.w.org\/{rel}","templated":true}]}}