{"id":3740,"date":"2024-07-12T13:03:30","date_gmt":"2024-07-12T11:03:30","guid":{"rendered":"https:\/\/www.cadooh.de\/?page_id=3740"},"modified":"2024-07-13T09:47:24","modified_gmt":"2024-07-13T07:47:24","slug":"lang-long","status":"publish","type":"page","link":"https:\/\/www.cadooh.de\/index.php\/tutorials\/lang-long\/","title":{"rendered":"lang &#8211; long"},"content":{"rendered":"<p><span style=\"color: #3366ff;\"><strong>PLEASE SCROLL DOWN FOR THE ENGLISH TUTORIAL !<br \/>\n<\/strong><\/span><\/p>\n<hr \/>\n<p><span style=\"text-decoration: underline;\"><strong>Die lange lange Luftmaschen-Grundkette und wie man sich verz\u00e4hlen darf<\/strong><\/span><\/p>\n<p>Wird eine sehr lange Luftmaschen-Grundkette ben\u00f6tigt, st\u00f6\u00dft man unweigerlich an unvorhergesehene Grenzen.<\/p>\n<p><strong>\u201cAller Anfang ist schwer\u201d<\/strong>\u2026<br \/>\nDer Anfang jeglicher H\u00e4kelarbeit ist entweder in Runden gearbeitet z.B. in einen Magischen Ring, in Reihen gearbeitet\u00a0 eine Grundkette aus Luftmaschen (auch Luftmaschen-Anschlag genannt) oder Luftmaschenlos mit einer Anschlagskette aus festen Maschen, halben oder einfachen St\u00e4bchen. Letztere hat sch\u00f6n den \u201eStretch\u201c und sollte bei Kleidungsst\u00fccken zum Einsatz kommen.<\/p>\n<p>Bei langen Lm-Grundketten ist die Problematik, dass man sich entweder verz\u00e4hlt oder eine Masche ist schlecht gearbeitet und wird irgendwie \u00fcbersehen.<\/p>\n<p>Man kann sich nat\u00fcrlich mit Maschenmarkierer helfen.<br \/>\n<span style=\"text-decoration: underline;\">Beispiel:<\/span> Bei einer 318 Lm langen Kette, k\u00f6nnte man in jede 50. Lm einen Markierer setzen. Beim R\u00fcckh\u00e4keln (mit 1 Wende-Lm), z.B. mit festen Maschen, m\u00fcsste man dann bis Ende genau auf 318 fM kommen. Doch trotz der eleganten Markierer-L\u00f6sung \u00fcberspringt man vielleicht doch eine zerfetzte Masche und kommt ins Trudeln. Am Ende fehlen pl\u00f6tzlich Maschen und nicht selten schleudert man sein Werk w\u00fctend in die Ecke.<\/p>\n<p>In alten Handarbeitsb\u00fcchern wird empfohlen die Luftmaschen-Grundkette mit einem Extra-Kn\u00e4ul Garn zu h\u00e4keln, um dann die weiteren Reihen mit einem neuen Kn\u00e4ul weiter zu arbeiten.<\/p>\n<p><img loading=\"lazy\" decoding=\"async\" class=\"alignleft\" src=\"https:\/\/www.cadooh.de\/wp-content\/uploads\/2024\/07\/collage2.jpg\" alt=\"\" width=\"421\" height=\"422\" \/><span style=\"text-decoration: underline;\"><br \/>\nEinfacher ist folgende Methode:<\/span><br \/>\n<strong>1)<\/strong> Starte mit der langen Lm-Grundkette und addiere zu Deinen Lm ca. 10 &#8211; 15 Lm dazu.<\/p>\n<p><strong>2)<\/strong> Den Anfangsknoten nicht fest zuziehen!<\/p>\n<p><strong>3)<\/strong> Im Foto-Beispiel links sind 6 Lm \u00fcber.<br \/>\nDieses &#8222;Schw\u00e4nzchen&#8220; links liegenlassen und die Reihen nach der H\u00e4kelanleitung weiterarbeiten.<\/p>\n<p><strong>4)<\/strong> Die magische H\u00e4kelfee k\u00f6nnte den Knoten locker l\u00f6sen. Du nimmst daf\u00fcr eine Nadel und ribbelst den Knoten auf. Also: zuerst den Knoten l\u00f6sen, dann die letzten Lm bis Ende aufpfriemeln &#8230;<\/p>\n<p><strong>5)<\/strong> &#8230; dann sauber und sicher vern\u00e4hen.<br \/>\nDer kleine Trick ist kaum sichtbar!<\/p>\n<p>Viel Spa\u00df bei Nacharbeiten!<\/p>\n<p><img loading=\"lazy\" decoding=\"async\" class=\"aligncenter\" src=\"https:\/\/www.cadooh.de\/wp-content\/uploads\/2023\/02\/zierstreifen-1.png\" alt=\"\" width=\"467\" height=\"85\" \/><\/p>\n<p><span style=\"color: #3366ff;\"><strong>ENGLISH TUTORIAL:<\/strong><\/span><\/p>\n<p><span style=\"text-decoration: underline;\"><strong>a long long foundation chain and how it\u00b4s allowed to miscount<\/strong><\/span><\/p>\n<p>If you need a very long foundation chain, you will inevitably come up against unforeseen limits.<\/p>\n<p><strong>\u201cAll beginnings are difficult\u201d<\/strong>\u2026<br \/>\nThe beginning of any crochet work is worked either in rounds, e.g. in a Magic Ring, in rows, a foundation chain of chain stitches or a chainless foundation with single crochet, half double crochet or double crochet stitches. The latter has a nice &#8222;stretch&#8220; and should be used for garments.<\/p>\n<p>With long foundation chains, the problem is that either you have miscounted or any chains got so mangled you couldn\u00b4t work into them. Stitch markers can help you keep count.<br \/>\n<span style=\"text-decoration: underline;\"><br \/>\nExample: <\/span>With ch318, you could place a marker in every 50th ch. When crocheting back (with 1 turning chain of course), e.g. with single crochet stitches, you should now have exactly 318 sc at the end of the row. However, despite the elegant marker solution, you might still skip a bad stitch and floundered. In the end, stitches are suddenly missing and it is not uncommon to throw your work angrily into the corner.<\/p>\n<p>Old needlework books recommend crocheting the foundation chain with an extra skein of yarn and then continuing to work the other rows with a new.<\/p>\n<p><img loading=\"lazy\" decoding=\"async\" class=\"alignleft\" src=\"https:\/\/www.cadooh.de\/wp-content\/uploads\/2024\/07\/collage2.jpg\" alt=\"\" width=\"421\" height=\"422\" \/><span style=\"text-decoration: underline;\"><br \/>\nThe following method is simpler:<\/span><br \/>\n<strong>1)<\/strong> Start with the long foundation chain and add<br \/>\napprox. 10 &#8211; 15 ch.<\/p>\n<p><strong>2)<\/strong> Don\u00b4t pull the starting knot tight.<\/p>\n<p><strong>3)<\/strong> Example pic left: you have 6 chains left over.<br \/>\nDrop this tail and continue working more rows.<\/p>\n<p><strong>4)<\/strong> The magic crochet fairy could easily undo the knot. To do this, take a needle and unravel the knot. So: first undo the knot, then frog the remaining chains until you reach the first stitch &#8230;<\/p>\n<p><strong>5)<\/strong> &#8230; weave in and secure the tail neatly. Well done!<br \/>\nThe little trick is barely visible.<\/p>\n<p>Have fun reworking!<\/p>\n<p>&nbsp;<\/p>\n","protected":false},"excerpt":{"rendered":"<p>PLEASE SCROLL DOWN FOR THE ENGLISH TUTORIAL ! Die lange lange Luftmaschen-Grundkette und wie man sich verz\u00e4hlen darf Wird&hellip;<\/p>\n","protected":false},"author":1,"featured_media":0,"parent":3399,"menu_order":0,"comment_status":"closed","ping_status":"closed","template":"","meta":{"footnotes":""},"class_list":["post-3740","page","type-page","status-publish","hentry"],"_links":{"self":[{"href":"https:\/\/www.cadooh.de\/index.php\/wp-json\/wp\/v2\/pages\/3740","targetHints":{"allow":["GET"]}}],"collection":[{"href":"https:\/\/www.cadooh.de\/index.php\/wp-json\/wp\/v2\/pages"}],"about":[{"href":"https:\/\/www.cadooh.de\/index.php\/wp-json\/wp\/v2\/types\/page"}],"author":[{"embeddable":true,"href":"https:\/\/www.cadooh.de\/index.php\/wp-json\/wp\/v2\/users\/1"}],"replies":[{"embeddable":true,"href":"https:\/\/www.cadooh.de\/index.php\/wp-json\/wp\/v2\/comments?post=3740"}],"version-history":[{"count":3,"href":"https:\/\/www.cadooh.de\/index.php\/wp-json\/wp\/v2\/pages\/3740\/revisions"}],"predecessor-version":[{"id":3745,"href":"https:\/\/www.cadooh.de\/index.php\/wp-json\/wp\/v2\/pages\/3740\/revisions\/3745"}],"up":[{"embeddable":true,"href":"https:\/\/www.cadooh.de\/index.php\/wp-json\/wp\/v2\/pages\/3399"}],"wp:attachment":[{"href":"https:\/\/www.cadooh.de\/index.php\/wp-json\/wp\/v2\/media?parent=3740"}],"curies":[{"name":"wp","href":"https:\/\/api.w.org\/{rel}","templated":true}]}}