{"id":3965,"date":"2025-07-29T16:12:01","date_gmt":"2025-07-29T14:12:01","guid":{"rendered":"https:\/\/www.cadooh.de\/?page_id=3965"},"modified":"2025-09-02T10:19:49","modified_gmt":"2025-09-02T08:19:49","slug":"lizenzvergabe","status":"publish","type":"page","link":"https:\/\/www.cadooh.de\/index.php\/lizenzvergabe\/","title":{"rendered":"Lizenzvergabe"},"content":{"rendered":"<p><strong><u><img loading=\"lazy\" decoding=\"async\" class=\"alignleft\" src=\"https:\/\/www.cadooh.de\/wp-content\/uploads\/2025\/07\/contract-4545562_1280a.png\" alt=\"\" width=\"350\" height=\"367\" \/>Thema \u201cVerkauf auf Kunsthandwerkerm\u00e4rkte + <\/u><\/strong><em><u>Online<\/u><\/em><strong><u>\u201c<\/u><\/strong> \u2026<br \/>\nUrlaub, s\u00fcdliche L\u00e4nder, M\u00e4rkte, fliegende H\u00e4ndler \u2026 hier scheint jeder verkaufen zu d\u00fcrfen.<\/p>\n<p>Das m\u00f6chte ich auch, denkst Du begeistert und \u00fcberlegst gestrickte Socken oder die sch\u00f6nen kleinen Mini-Lampions von cadoohartland design auf den n\u00e4chsten M\u00e4rkten in Deinem Landkreis zu verkaufen. Ich m\u00f6chte Deine Freude nicht bremsen, aber Du solltest Dich vorab informieren, welche Vorrausetzungen es gibt, zu verkaufen.<br \/>\nDenn in Deutschland ist alles anders und es gibt viele Vorschriften.<\/p>\n<p>Du ben\u00f6tigst wahrscheinlich ein Gewerbe.<\/p>\n<p><em>Nach \u00a7 14 Gewerbeordnung (GewO) ist es notwendig, jedes Gewerbe anzuzeigen. Als Gewerbe wird grunds\u00e4tzlich jede erlaubte wirtschaftliche T\u00e4tigkeit bezeichnet, die auf eigene Rechnung, eigene Verantwortung und auf Dauer mit der Absicht zur Gewinnerzielung betrieben wird. Die Bezeichnung \u201eauf Dauer angelegt\u201c beschreibt T\u00e4tigkeiten, die fortgesetzt und nicht nur gelegentlich ausgef\u00fchrt werden. Das hei\u00dft, es ist eine gewisse Wiederholungs-\/Fortsetzungsabsicht gefordert &#8230;<\/em><br \/>\n<a href=\"https:\/\/www.existenzgruendungsportal.de\/Redaktion\/DE\/BMWK-Infopool\/Antworten\/Gruendungsplanung\/Teilzeit-Unternehmen\/Anmeldung\/Verkauf-auf-Kunstmaerkten-Gewerbe-anmelden\" target=\"_blank\" rel=\"noopener\"><span style=\"color: #3366ff;\"><strong>HIER<\/strong><\/span><\/a> folge dem gut informierenden Beitrag des BMWK weiter.<\/p>\n<hr \/>\n<p>Sind alle Vorrausetzungen erf\u00fcllt, kannst Du bei mir eine Lizenz bekommen.<br \/>\nIch vergebe nicht viele (meist nur 1-3 pro Bundesland), daher empfehle ich schnell eine Lizenz zu sichern.<\/p>\n<p><strong><u>Wie sieht diese aus?<\/u><\/strong><br \/>\nSchau mal, hier kannst Du einen Blick in so ein <a href=\"https:\/\/www.cadooh.de\/wp-content\/uploads\/2025\/07\/LizenzCadooh.pdf\" target=\"_blank\" rel=\"noopener\"><span style=\"color: #3366ff;\"><strong>Lizenz-Beispiel (PDF)<\/strong><\/span><\/a> werfen.<br \/>\nDies ersetzt nicht das Original.<\/p>\n<p>Ich ben\u00f6tige Deinen Namen und Deine Adresse und die Information,<br \/>\nwo und wann Du auf welchen M\u00e4rkten verkaufen m\u00f6chtest.<br \/>\n<strong>Dein Vorteil<\/strong>? Keine pl\u00f6tzlich auftretende Konkurrenz.<br \/>\nDu hast das Alleinstellungsmerkmal f\u00fcr Deine Kunst.<br \/>\n<strong>ICH<\/strong> sichere mich ab, dass kein Nachteil f\u00fcr mich entsteht, wenn z.B. Endprodukte, die durch meine Anleitungen entstanden sind, so ver\u00e4ndert werden, dass sie Urheberrechte verletzen k\u00f6nnten.<\/p>\n<p><strong>Bleib fair<\/strong>: Ich bestehe auf einen Aufsteller oder Hinweis auf \u201ecadoohartland design\u201c beim Verkauf.<br \/>\nEin Gewerbe kontrolliere ich nicht! Daf\u00fcr bin ich nicht zust\u00e4ndig!<\/p>\n<p><strong>Online-Verkauf<\/strong>: Ich vergebe je Design nur 3 Lizenzen. Frage also rechtzeitig an und sichere Dir den Verkauf!<br \/>\nAuch hier muss in der Verkaufsbeschreibung ein Hinweis auf &#8222;cadoohartland design&#8220; erfolgen.<br \/>\nAuch der Fehlen eines Hinweises auf mein Design wird von mir rechtlich geahndet. Bleib also fair!<\/p>\n<p><strong>Muss leider sein<\/strong>:<br \/>\nIch bekomme derzeit viele freundliche Lizenzanfragen.<br \/>\nIch nehme mir Zeit jede Mail zu beantworten und bekomme zumeist freundliches \u201eSchweigen\u201c zur\u00fcck.<br \/>\nHej, ich bin nicht das Finanzamt <img decoding=\"async\" src=\"https:\/\/www.cadooh.de\/wp-content\/plugins\/wp-edit\/plugins\/emoticons\/img\/smiley-smile.gif\" \/><\/p>\n<p><strong>Fazit<\/strong>: Ohne Lizenzvereinbarung kann ich einem Verkauf nicht zustimmen.<\/p>\n<p>Falls ohne mein Einverst\u00e4ndnis ein Verkauf auf einem Markt oder in einem Online-Shop stattfindet und ich werde davon unterrichtet (bin weitverzweigt!), muss derjenige mit rechtlichen Schritten rechnen, gegeben falls mit empfindlichen Geldstrafen.<\/p>\n<p>Wer eine Lizenz hat, darf sich freuen und ich dr\u00fccke die D\u00e4umchen und klapper mit meinen H\u00e4kelnadeln f\u00fcr gute Gesch\u00e4fte!<br \/>\nHappy Crocheting!<\/p>\n","protected":false},"excerpt":{"rendered":"<p>Thema \u201cVerkauf auf Kunsthandwerkerm\u00e4rkte + Online\u201c \u2026 Urlaub, s\u00fcdliche L\u00e4nder, M\u00e4rkte, fliegende H\u00e4ndler \u2026 hier scheint jeder verkaufen zu&hellip;<\/p>\n","protected":false},"author":1,"featured_media":0,"parent":0,"menu_order":0,"comment_status":"closed","ping_status":"closed","template":"","meta":{"footnotes":""},"class_list":["post-3965","page","type-page","status-publish","hentry"],"_links":{"self":[{"href":"https:\/\/www.cadooh.de\/index.php\/wp-json\/wp\/v2\/pages\/3965","targetHints":{"allow":["GET"]}}],"collection":[{"href":"https:\/\/www.cadooh.de\/index.php\/wp-json\/wp\/v2\/pages"}],"about":[{"href":"https:\/\/www.cadooh.de\/index.php\/wp-json\/wp\/v2\/types\/page"}],"author":[{"embeddable":true,"href":"https:\/\/www.cadooh.de\/index.php\/wp-json\/wp\/v2\/users\/1"}],"replies":[{"embeddable":true,"href":"https:\/\/www.cadooh.de\/index.php\/wp-json\/wp\/v2\/comments?post=3965"}],"version-history":[{"count":6,"href":"https:\/\/www.cadooh.de\/index.php\/wp-json\/wp\/v2\/pages\/3965\/revisions"}],"predecessor-version":[{"id":3984,"href":"https:\/\/www.cadooh.de\/index.php\/wp-json\/wp\/v2\/pages\/3965\/revisions\/3984"}],"wp:attachment":[{"href":"https:\/\/www.cadooh.de\/index.php\/wp-json\/wp\/v2\/media?parent=3965"}],"curies":[{"name":"wp","href":"https:\/\/api.w.org\/{rel}","templated":true}]}}