{"id":4030,"date":"2025-10-04T14:23:19","date_gmt":"2025-10-04T12:23:19","guid":{"rendered":"https:\/\/www.cadooh.de\/?page_id=4030"},"modified":"2025-10-11T12:29:11","modified_gmt":"2025-10-11T10:29:11","slug":"staerken","status":"publish","type":"page","link":"https:\/\/www.cadooh.de\/index.php\/staerken\/","title":{"rendered":"St\u00e4rken"},"content":{"rendered":"<p><span style=\"color: #3366ff;\"><em>Please scroll down for the English Tutorial! Thx! xox<\/em><\/span><\/p>\n<p><img loading=\"lazy\" decoding=\"async\" class=\"alignleft\" src=\"https:\/\/www.cadooh.de\/wp-content\/uploads\/2025\/10\/Glue1.jpg\" alt=\"\" width=\"400\" height=\"400\" \/><\/p>\n<p>Den genialen Tipp aus dem Kindergarten habe ich in eine tolle Klebest\u00e4rke f\u00fcr H\u00e4kelst\u00fccke adaptiert. Mir wurde zwar gesagt, dass das nicht mit Kartoffelst\u00e4rke geht, aber wie immer im Leben, sollte man nicht alles glauben und lieber selbst ausprobieren! Es funzt gut mit dem Kartoffelmehl \ud83d\ude42<\/p>\n<p><strong>Probest\u00fcck<\/strong>: ein Funkelstern aus 100 % Baumwolle ( H\u00e4kelanleitung: Laterne \u201eFunkelstern\u201c).<br \/>\n<strong>Ziel<\/strong>: den Stern etwas zu h\u00e4rten und zu biegen.<br \/>\n<strong>Fertig<\/strong>: das H\u00e4kelst\u00fcck f\u00fchlt sich wie eine biegbare, st\u00e4rkere Pappe an und hat sich gebogen. Die Biegung bleibt in Form. Perfekt f\u00fcr die Laterne.<\/p>\n<p>Bitte f\u00fcr andere H\u00e4kelst\u00fccke wie z.B. kleine Tischdeckchen ausprobieren. Evtl. funktioniert es nicht so gut mit anderen Farben als Wei\u00df. Bitte auch hier ausprobieren. Durch Verd\u00fcnnen des Klebers erreicht man eine leichtere St\u00e4rkung. Vorteil: Man kann den Kleber auswaschen! Und er ist ungiftig.<\/p>\n<p>&nbsp;<\/p>\n<p>&nbsp;<\/p>\n<p><strong><img loading=\"lazy\" decoding=\"async\" class=\"alignleft\" src=\"https:\/\/www.cadooh.de\/wp-content\/uploads\/2025\/10\/starch5.jpg\" alt=\"\" width=\"228\" height=\"304\" \/>Vorbereitung \u2013 ein Tag vor dem St\u00e4rken<\/strong>:<br \/>\nEin Schraubglas, z.B. Honigglas hei\u00df aussp\u00fclen und trocknen.<br \/>\n400 ml Wasser im Wasserkocher aufkochen.<br \/>\nIn einem Topf ca. 55 g St\u00e4rke in 100 ml kalten Wasser r\u00fchrend aufl\u00f6sen, so dass eine milchige Fl\u00fcssigkeit entsteht. Nach diesem Prinzip lassen sich in der K\u00fcche auch So\u00dfen andicken.<br \/>\nEssig und Salz dazu. Sch\u00f6n r\u00fchren. Schneebesen bereitlegen.<br \/>\nJetzt das kochende Wasser zugie\u00dfen. Sofort und z\u00fcgig r\u00fchren. Es dickt sekundenschnell zu einem Glibber. Ist der noch zu fest, einfach noch etwas kaltes Wasser zuf\u00fcgen und wieder feste r\u00fchren. Der St\u00e4rkekleber sollte eine geleeartige Substanz letztendlich sein, die man noch gut in ein Schraubglas abf\u00fcllen kann. Alles abgef\u00fcllt, das Glas an die Seite stellen und abk\u00fchlen lassen. Vielleicht noch einen Hinweis f\u00fcr die Familie auf das Glas kleben, dass das kein Transparent-Nutella oder Zitronengelee ist. Also \u201eFinger weg!\u201c Schmeckt eh nicht &#8230; aber ich brauch den Kleber ja auch nicht zum Schlecken.<\/p>\n<p>&nbsp;<\/p>\n<p><strong>N\u00e4chster Tag<\/strong>:<br \/>\nDer Funkelstern muss etwas gebogen werden. Ich habe eine gro\u00dfe Schale gefunden. Falls Du keine hast, frag man den netten und gutaussehenden Nachbarn, ob der eine hat. Wie man sieht, ist mein Kleber stichfest. Wie gut, dass man ihn wieder fl\u00fcssiger bekommt. Ich habe ein passendes kleines Mikrowellent\u00f6pfchen mit ca. 3 dickgeh\u00e4uften Tl. Kleber gef\u00fcllt und f\u00fcr 1 Minute in der Welle leicht erhitzt. Mit etwas kalten Wasser kann ich ihn jetzt verfl\u00fcssigen. Die Konsistenz soll steichbar sein.<\/p>\n<p>&nbsp;<\/p>\n<p><img loading=\"lazy\" decoding=\"async\" class=\"alignleft\" src=\"https:\/\/www.cadooh.de\/wp-content\/uploads\/2025\/10\/starch6.jpg\" alt=\"\" width=\"300\" height=\"225\" \/><img loading=\"lazy\" decoding=\"async\" class=\"alignleft\" src=\"https:\/\/www.cadooh.de\/wp-content\/uploads\/2025\/10\/Starch1.jpg\" alt=\"\" width=\"300\" height=\"225\" \/>Der Funkelstern wird jetzt einmal nass gemacht. Vorsichtig das Wasser ausdr\u00fccken, nicht wringen.Auf ein Backpapier ausbreiten und jetzt sch\u00f6n mit den H\u00e4nden den Glibber auf Vorder- und R\u00fcckseite aufbringen. Herrlich diese Matschger\u00e4usche. Ich f\u00fchle mich in den Sandkasten der Kindertage zur\u00fcckversetzt. Ist alles gut eingestrichen, lege ich den Stern vorderseitig auf die umgedrehte Sch\u00fcssel.<\/p>\n<p>&nbsp;<\/p>\n<p><img loading=\"lazy\" decoding=\"async\" class=\"alignleft\" src=\"https:\/\/www.cadooh.de\/wp-content\/uploads\/2025\/10\/starch4.jpg\" alt=\"\" width=\"300\" height=\"225\" \/><\/p>\n<p><img loading=\"lazy\" decoding=\"async\" class=\"alignleft\" src=\"https:\/\/www.cadooh.de\/wp-content\/uploads\/2025\/10\/starch2.jpg\" alt=\"\" width=\"300\" height=\"225\" \/>Keine Bange, der Stern wird nicht festkleben. Trotzdem \u00f6fters mal kontrollieren und etwas zupfen. In der Sonne geht die Trocknung recht fix. Ansonsten im Raum trocknen lassen.<\/p>\n<p>Die Funkelstern-Leuchte ben\u00f6tigt noch einen zweiten gleichen Stern. Prozedur also in den n\u00e4chsten Tagen wiederholen. Freu mich auf den Glibber!<\/p>\n<p>&nbsp;<\/p>\n<p><strong><img loading=\"lazy\" decoding=\"async\" class=\"alignleft\" src=\"https:\/\/www.cadooh.de\/wp-content\/uploads\/2025\/10\/1a.jpg\" alt=\"\" width=\"500\" height=\"375\" \/>Fazit<\/strong>:<br \/>\nStark! Die Sterne sind f\u00fcr das geplante Vorhaben perfekt gest\u00e4rkt. Das Zeug klebt nicht nur, es st\u00e4rkt auch genial! \u2026 und das ohne Chemie!<\/p>\n<p>Die tolle H\u00e4kelanleitung findest Du in meinen Shops bei <span style=\"color: #800000;\"><strong><a style=\"color: #800000;\" href=\"https:\/\/www.crazypatterns.net\/de\/items\/113610\/easy-peasy-funkelstern-laterne-haekeln-weihnachtl-fensterdeko\" target=\"_blank\" rel=\"noopener\">Crazypatterns<\/a><\/strong><\/span>, <span style=\"color: #008000;\"><a style=\"color: #008000;\" href=\"https:\/\/www.kasuwa.de\/produkt\/1173225\/easy-peasy-funkelstern--laterne-haekeln--weihnachtl.-fensterdeko\" target=\"_blank\" rel=\"noopener\"><strong>Kasuwa Make<\/strong><\/a><\/span> &amp; <span style=\"color: #0000ff;\"><strong><a style=\"color: #0000ff;\" href=\"https:\/\/www.etsy.com\/de-en\/listing\/4384596337\/easy-twinkle-star-star-lantern-light?ref=shop_home_feat_1&amp;pro=1&amp;dd=1&amp;logging_key=b775b0e881660d1ef93f013ba175462e58c86070%3A4384596337\" target=\"_blank\" rel=\"noopener\">Etsy<\/a><\/strong><\/span> &#8230; <em>twinkle, twinkle little star &#8230;\u00a0<\/em><\/p>\n<p>&nbsp;<\/p>\n<p>&nbsp;<\/p>\n<p>&nbsp;<\/p>\n<p>&nbsp;<\/p>\n<hr \/>\n<p style=\"text-align: center;\"><span style=\"text-decoration: underline;\"><strong>ENGLISH TUTORIAL<\/strong> <\/span>:<\/p>\n<p><img loading=\"lazy\" decoding=\"async\" class=\"alignleft\" src=\"https:\/\/www.cadooh.de\/wp-content\/uploads\/2025\/10\/Glue1_engl.jpg\" alt=\"\" width=\"400\" height=\"400\" \/><\/p>\n<p>&nbsp;<\/p>\n<p>I adapted this ingenious tip from kindergarten into a great adhesive strength for crochet pieces. I was told that it doesn&#8217;t work with potato starch, but as always in life, you shouldn&#8217;t believe everything you hear and should try it out for yourself! It works well with potato flour. .<br \/>\n<strong>Test piece<\/strong>: a sparkling star made of 100% cotton (crochet pattern: Lantern &#8222;Twinkle Star&#8220;).<br \/>\n<strong>Goal<\/strong>: to harden and bend the star slightly.<br \/>\n<strong>Finished<\/strong>: the crochet piece feels like bendable, stronger cardboard and has bent.<br \/>\nThe bend stays in shape. Perfect for the lantern.<\/p>\n<p>Please try it out on other crochet pieces (and colors), such as small tablecloths. By diluting the glue, you can achieve a lighter strengthening effect. Advantage: you can wash the glue out! And it is non-toxic.<\/p>\n<p>&nbsp;<\/p>\n<p>&nbsp;<\/p>\n<p><strong><img loading=\"lazy\" decoding=\"async\" class=\"alignleft\" src=\"https:\/\/www.cadooh.de\/wp-content\/uploads\/2025\/10\/starch5.jpg\" alt=\"\" width=\"228\" height=\"304\" \/>Preparation \u2013 one day before starching<\/strong>:<br \/>\nRinse a screw-top jar, e.g., a honey jar, with hot water and dry it.<br \/>\nBoil 400 ml of water in a kettle.<br \/>\nIn a saucepan, dissolve approx. 55 g of starch in 100 ml of cold water, stirring to create a milky liquid. This method can also be used to thicken sauces in the kitchen.<br \/>\nAdd vinegar and salt. Stir well. Have a whisk ready.<br \/>\nNow pour in the boiling water. Stir immediately and quickly. It will thicken into a slime in a matter of seconds. If it is still too thick, simply add a little cold water and stir again until thick. The starch paste should ultimately be a jelly-like substance that can be easily poured into a screw-top jar. Once everything has been poured into the jar, set it aside and allow it to cool.<br \/>\nYou may want to stick a note on the jar for your family to let them know that it is not transparent Nutella or lemon jelly. So, \u201chands off!\u201d It doesn&#8217;t taste good anyway&#8230;<\/p>\n<p>&nbsp;<\/p>\n<p>&nbsp;<\/p>\n<p><strong>Next day<\/strong>:<br \/>\nThe Twinkle Star needs to be bent a little. I found a large bowl. If you don&#8217;t have one, ask your nice, handsome neighbor if he has one. As you can see, my glue is sticky. How good that you can make it liquid again. I filled a suitable small microwave pot with about 3 heaped teaspoons of glue and heated it gently in the microwave for 1 minute. With a little cold water, I can now liquefy it. The consistency should be spreadable.<\/p>\n<p>&nbsp;<\/p>\n<p><img loading=\"lazy\" decoding=\"async\" class=\"alignleft\" src=\"https:\/\/www.cadooh.de\/wp-content\/uploads\/2025\/10\/starch6.jpg\" alt=\"\" width=\"300\" height=\"225\" \/><img loading=\"lazy\" decoding=\"async\" class=\"alignleft\" src=\"https:\/\/www.cadooh.de\/wp-content\/uploads\/2025\/10\/Starch1.jpg\" alt=\"\" width=\"300\" height=\"225\" \/>Now wet the Twinkle Star. Carefully squeeze out the water, do not wring it.<br \/>\nSpread it out on baking paper and use your hands to apply the glue to the front and back. I love the squelching sounds. It takes me back to playing in the sandbox as a child. Once everything is coated, I place the star face down on the upturned bowl.<\/p>\n<p>&nbsp;<\/p>\n<p>&nbsp;<\/p>\n<p><img loading=\"lazy\" decoding=\"async\" class=\"alignleft\" src=\"https:\/\/www.cadooh.de\/wp-content\/uploads\/2025\/10\/starch4.jpg\" alt=\"\" width=\"300\" height=\"225\" \/><\/p>\n<p><img loading=\"lazy\" decoding=\"async\" class=\"alignleft\" src=\"https:\/\/www.cadooh.de\/wp-content\/uploads\/2025\/10\/starch2.jpg\" alt=\"\" width=\"300\" height=\"225\" \/>Don&#8217;t worry, the star won&#8217;t stick. Still, check it often and pluck it a little. It dries quite quickly in the sun. Otherwise, let it dry indoors.<br \/>\nThe sparkling star light needs a second star of the same size. So repeat the procedure in the next few days. I&#8217;m looking forward to the slime!<\/p>\n<p>&nbsp;<\/p>\n<p>&nbsp;<\/p>\n<p><strong><img loading=\"lazy\" decoding=\"async\" class=\"alignleft\" src=\"https:\/\/www.cadooh.de\/wp-content\/uploads\/2025\/10\/1a.jpg\" alt=\"\" width=\"500\" height=\"375\" \/><\/strong><\/p>\n<p><strong>To summarize<\/strong>:<br \/>\nStrong! The stars are perfectly aligned for the planned project.<br \/>\nNot only does the stuff stick, it also strengthens brilliantly! &#8230; and without any chemicals!<\/p>\n<p>You will find the sparkling crochet pattern to purchase on <span style=\"color: #0000ff;\"><strong><a style=\"color: #0000ff;\" href=\"https:\/\/www.etsy.com\/de-en\/listing\/4384596337\/easy-twinkle-star-star-lantern-light?ref=shop_home_feat_1&amp;pro=1&amp;dd=1&amp;logging_key=b775b0e881660d1ef93f013ba175462e58c86070%3A4384596337\" target=\"_blank\" rel=\"noopener\">Etsy<\/a><\/strong><\/span> &#8230;<br \/>\n<em>twinkle, twinkle little star<\/em><\/p>\n","protected":false},"excerpt":{"rendered":"<p>Please scroll down for the English Tutorial! Thx! xox Den genialen Tipp aus dem Kindergarten habe ich in eine&hellip;<\/p>\n","protected":false},"author":1,"featured_media":0,"parent":0,"menu_order":0,"comment_status":"closed","ping_status":"closed","template":"","meta":{"footnotes":""},"class_list":["post-4030","page","type-page","status-publish","hentry"],"_links":{"self":[{"href":"https:\/\/www.cadooh.de\/index.php\/wp-json\/wp\/v2\/pages\/4030","targetHints":{"allow":["GET"]}}],"collection":[{"href":"https:\/\/www.cadooh.de\/index.php\/wp-json\/wp\/v2\/pages"}],"about":[{"href":"https:\/\/www.cadooh.de\/index.php\/wp-json\/wp\/v2\/types\/page"}],"author":[{"embeddable":true,"href":"https:\/\/www.cadooh.de\/index.php\/wp-json\/wp\/v2\/users\/1"}],"replies":[{"embeddable":true,"href":"https:\/\/www.cadooh.de\/index.php\/wp-json\/wp\/v2\/comments?post=4030"}],"version-history":[{"count":7,"href":"https:\/\/www.cadooh.de\/index.php\/wp-json\/wp\/v2\/pages\/4030\/revisions"}],"predecessor-version":[{"id":4071,"href":"https:\/\/www.cadooh.de\/index.php\/wp-json\/wp\/v2\/pages\/4030\/revisions\/4071"}],"wp:attachment":[{"href":"https:\/\/www.cadooh.de\/index.php\/wp-json\/wp\/v2\/media?parent=4030"}],"curies":[{"name":"wp","href":"https:\/\/api.w.org\/{rel}","templated":true}]}}