{"id":436,"date":"2016-08-16T14:45:34","date_gmt":"2016-08-16T12:45:34","guid":{"rendered":"http:\/\/www.cadooh.de\/?page_id=436"},"modified":"2020-08-14T13:23:20","modified_gmt":"2020-08-14T11:23:20","slug":"teil-1-haekelyoga","status":"publish","type":"page","link":"https:\/\/www.cadooh.de\/index.php\/teil-1-haekelyoga\/","title":{"rendered":"Was ist denn H\u00e4kelyoga"},"content":{"rendered":"<p><span style=\"text-decoration: underline;\"><strong><code>Frau Bidder, H\u00e4kelyoga und anderes Heilsames<\/code><\/strong><\/span><\/p>\n<div style=\"width: 310px\" class=\"wp-caption alignleft\"><a href=\"http:\/\/www.tallercreatiu.com\/picanyol\/\" target=\"_blank\" rel=\"noopener\"><img loading=\"lazy\" decoding=\"async\" src=\"https:\/\/www.cadooh.de\/wp-content\/uploads\/2016\/08\/Picanyol.jpg\" width=\"300\" height=\"357\" \/><\/a><p class=\"wp-caption-text\">Bild des katalanischen Zeichners und Cartoonisten Picanyol<\/p><\/div>\n<p>Meine Mutter h\u00e4kelte in den 70er Jahren ihre frustigen Hausfrauenjahre fort.<br \/>\nBunte Wollreste wurden im Zickzackmuster oder auch in einzelnen Quadraten<br \/>\nzu farbenfrohen Decken oder Stolen verh\u00e4kelt.<br \/>\nGerne Abends vor dem R\u00f6hrenfernseher.<br \/>\nJa, damals gab es nur 3 Fernsehprogramme!<br \/>\nLangweiliges wurde weggeh\u00e4kelt.<br \/>\nDas heute bekannte \u201eGranny \u00a0Square\u201c nannte sich nur H\u00e4kelquadrat.<br \/>\nEnglisch hatten unsere Eltern noch nicht als Pflichtfach in der Schule.<br \/>\nNeumodisches Krams aus Amerika mu\u00dfte nicht sein.<\/p>\n<p>F\u00fcr die K\u00fcche gab es Topflappen in allen erdenklichen Farben und Formen<br \/>\nund ihr werdet es nicht glauben: mein Erstlingswerk \u201eTopflappen gestreift\u201c existiert noch heute<br \/>\nund schl\u00e4ft einen Dornr\u00f6schenschlaf in unserer Allerleibesteckkrimskrams-K\u00fcchenschublade.<br \/>\nGewaltige Gardinen in Fileth\u00e4kelei aus d\u00fcnnem Baumwollgarn folgten.<br \/>\nGanz ohne Lesehilfe;-)<\/p>\n<p>Mitte der 80er verschwand meine H\u00e4kelnadel in einer Kiste.<br \/>\nAuch bei anderen. Handarbeit war verp\u00f6nt.<br \/>\nHinfort mit den Strick-, Stick- und H\u00e4kelnadeln.<\/p>\n<p>Das Revival erfolgte erst im neuen Jahrtausend mit dem verst\u00e4rkten Aufkommen<br \/>\ndes Internets und seiner unglaublich kontaktfreudigen Vielf\u00e4ltigkeit.<br \/>\nEine globale Strick- und H\u00e4kelgemeinde erwachte.<br \/>\nAuch die ollen \u201eGrannies\u201c zeigten sich pl\u00f6tzlich wieder und l\u00f6sten ein Grannymania aus.<br \/>\nKitschigbunte, alte Omaquadrate im angesagten Shabby-Chic passend zu nordischem Interieur.<br \/>\nFacebook, Instagramm, Pinterest, Ravelry.<br \/>\n\u00dcberall findet man wunderbar Selbstgemachtes: Muster, Anleitungen, Fotos, etc.<br \/>\nHandmade. Aus den eigenen H\u00e4nden.<\/p>\n<p>Warum?<br \/>\nWarum das Interesse pl\u00f6tzlich wieder am H\u00e4keln?<br \/>\nWarum taucht das Interesse an der eigenen Handarbeit immer mal wieder auf<br \/>\nund taucht dann wieder in den nebul\u00f6sen Untergrund der Jahrzehnte ab?<\/p>\n<p>Warum h\u00e4kelt und strickt und handarbeitet der Mensch \u00fcberhaupt?<br \/>\nIst es die heilsame Kraft der Maschen?<br \/>\nEine Art H\u00e4kel- oder Strickyoga?<br \/>\nGenau! YOGA! Ich mu\u00df gerade lachen.<br \/>\nFand ich doch vor einiger Zeit bei einer Bloggerin den Beitrag zu Yogasocken,<br \/>\ndie unter der musikalisch rezitierten Begleitung (also selbstgesungen)<br \/>\ndes Gayatri-Mantras gestrickt wurden.<br \/>\nNicht nur flie\u00dft hier die Kraft der heilsamen Maschen,<br \/>\nsondern auch der meditative Kraftgesang in die Socke. WOW!<\/p>\n<p>Aber ehrlich, nachdem ich bei Youtube das Gayatri-Mantra von Deva Premal &amp; Miten gesehen<br \/>\nund geh\u00f6rt habe, geh\u00f6rt das Mantra zu einem meiner Musik-Entspannungsst\u00fccke.<br \/>\nWundersch\u00f6n auch das <a href=\"https:\/\/www.youtube.com\/watch?time_continue=9&amp;v=UlnHON3tAXo&amp;feature=emb_logo\" target=\"_blank\" rel=\"noopener\"><strong>Video<\/strong><\/a> &#8230; nimm Dir mal Zeit daf\u00fcr &#8230;einfach link anklicken !<\/p>\n<p>Spa\u00df beiseite. Wir leben in einem Jahrhundert der modernsten Technologie.<br \/>\nDa wird die sogenannte \u201eOff-Line-Zeit\u201c immer kostbarer.<\/p>\n<p>Ein interessanter Bericht des<del><em> <strong>MDR <\/strong><\/em><\/del><em>(leider nicht mehr verf\u00fcgbar)<\/em><br \/>\nentf\u00fchrt uns in das Reich der entspannenden Strickmaschen.<br \/>\nAber was f\u00fcr das Stricken gilt, muss unweigerlich nat\u00fcrlich auch f\u00fcr das H\u00e4keln gelten:<\/p>\n<p>&#8222;Die Arbeit mit Wolle beseitigt Stress&#8220;, erkl\u00e4rt Dr. Herbert Benson<br \/>\nvon der <em>Harvard Medical School<\/em> in seinem Buch &#8222;<em>The Relaxation Response&#8220;<\/em>. &#8220;<br \/>\nGenau wie Meditation oder Beten erm\u00f6glicht Stricken<br \/>\ndie passive Freisetzung abschweifender Gedanken&#8220;, so Benson.<br \/>\nUnd w\u00e4hrend Meditation gelegentlich zu Depression f\u00fchre, habe Stricken keinerlei Nebenwirkungen.<br \/>\n&#8222;Die rhythmische und monotone Qualit\u00e4t des Strickens, zusammen mit dem Klicken der Stricknadeln,<br \/>\n\u00e4hnelt einem beruhigenden Mantra. Die Gedanken k\u00f6nnen lose umher schweifen,<br \/>\nw\u00e4hrend sich der Verstand auf die Strickarbeit konzentriert.&#8220;<br \/>\nPsychologen bezeichnen Stricken deshalb als das neue Yoga.<\/p>\n<p>Stricken und nat\u00fcrlich auch das H\u00e4keln sind nicht nur Balsam f\u00fcr die Seele:<br \/>\nSie sind auch Training f\u00fcrs Gehirn, da beide Hirnh\u00e4lften beansprucht werden.<br \/>\nNeben manueller Koordinationsf\u00e4higkeit sind die Talente eines Managers gefordert:<br \/>\ngestalterische Ideen und schnelle Probleml\u00f6sungen.<br \/>\nSchon beim Befolgen von unter Laien und Anf\u00e4ngern der als unlesbar geltenden<br \/>\nStrick- und H\u00e4kelanleitungen kommt es auf Vorstellungskraft und Logik an.<br \/>\nDer t\u00e4gliche Aufenthalt in einer digitalen Welt, l\u00e4sst uns innerlich nach einer Individualit\u00e4t sehnen.<br \/>\nStricken und H\u00e4keln sind \u00a0das radikale Gegenkonzept zur heutigen industriellen Massenware der gro\u00dfen Modeketten.<\/p>\n<p>Frauen, die in ihrer Freizeit am liebsten kreativer Handarbeit, wie N\u00e4hen, Basteln oder Weben, nachgehen,<br \/>\nwerden dadurch erfrischter und energiegeladener. Das ist das Ergebnis einer neuen Studie.<br \/>\nDie Forscherinnen sprechen von \u201eVerj\u00fcngung durch Handarbeit\u201c.<br \/>\n(Werden jetzt meine grauen Haare vielleicht weniger???&#8230;)<br \/>\nGestalterische T\u00e4tigkeiten k\u00f6nnten daher vermehrt zur Stressbew\u00e4ltigung eingesetzt werden.<\/p>\n<p>Ann Futterman Collier lehrt Klinische Psychologie an der Northern Arizona University.<br \/>\nZusammen mit Catya von K\u00e1rolyi hat sie jetzt untersucht, wie sich Stricken, H\u00e4keln oder Weben auf die Psyche auswirken.<br \/>\nAbgedruckt wurden ihre Ergebnisse in der Fachzeitschrift <em>Psychology of Aesthetics, Creativity, and the Arts<\/em>.<\/p>\n<p>\u201eObwohl eine Vielzahl von T\u00e4tigkeiten die Stimmung verbessern k\u00f6nnen, sind k\u00fcnstlerische Aktivit\u00e4ten,<br \/>\ndie einen einnehmen, die anregen und helfen, die eigenen Wertvorstellungen zu verwirklichen,<br \/>\neffektiver, was die l\u00e4ngerfristige Belebung angeht.\u201c<\/p>\n<p>Die Psychologinnen weisen darauf hin, dass kreativer Besch\u00e4ftigung allgemein ein befreiendes und st\u00e4rkendes Potenzial innewohnt.<br \/>\nDas sollte zur Stressbew\u00e4ltigung, im Coaching oder bei der Arbeitsgestaltung h\u00e4ufiger genutzt werden.<\/p>\n<p><em>Quelle: <a href=\"http:\/\/www.wirtschaftspsychologie-aktuell.de\/lernen\/lernen-20150219-ann-futterman-collier-handarbeit-verjuengt.html\" target=\"_blank\" rel=\"noopener\"><strong>WEB<\/strong><\/a><\/em><br \/>\n<em> Ann Futterman Collier (Northern Arizona University) &amp; Catya von K\u00e1rolyi (University of Wisconsin\u2013Eau Claire). (2014). Rejuvenation in the \u201cMaking\u201d: Lingering Mood Repair in Textile Handcrafters [Abstract]. Psychology of Aesthetics, Creativity, and the Arts, 8 (4), 475-485.<\/em><\/p>\n<p>Warum also nicht \u00a0im B\u00fcro mal w\u00e4hrend der Arbeitszeit (Chef\/in wird sich freuenJ) ein paar erfrischende H\u00e4kel- und Strickminuten einlegen.<br \/>\nOder vielleicht mal mit den Kollegen ein Origami falten?<\/p>\n<p><strong><em>dhiyo yo nah prachoday\u00e2t<\/em><\/strong><strong><em> \u2013<\/em><\/strong><em><br \/>\nM\u00f6ge das g\u00f6ttliche Licht unseren heiligen Geist erleuchten!<\/em><\/p>\n<p>Und wenn Euch die Geschichte des H\u00e4kelns interessieren sollte,<br \/>\ndem kann ich meine neue recherchierte H\u00e4kelhistorie ans H\u00e4kelherz legen.<br \/>\nEin historischer Streifzug. <a href=\"https:\/\/www.cadooh.de\/index.php\/historie\/\" target=\"_blank\" rel=\"noopener\"><span style=\"text-decoration: underline; color: #800000;\"><strong>Eine historische Reise<\/strong><\/span><\/a>.<\/p>\n<p><span style=\"border-radius: 2px; text-indent: 20px; width: auto; padding: 0px 4px 0px 0px; text-align: center; font: bold 11px\/20px 'Helvetica Neue',Helvetica,sans-serif; color: #ffffff; background: #bd081c no-repeat scroll 3px 50% \/ 14px 14px; position: absolute; opacity: 0.85; z-index: 8675309; display: none; cursor: pointer; top: 84px; left: 20px;\">Merken<\/span><\/p>\n<p><span style=\"border-radius: 2px; text-indent: 20px; width: auto; padding: 0px 4px 0px 0px; text-align: center; font: bold 11px\/20px 'Helvetica Neue',Helvetica,sans-serif; color: #ffffff; background: #bd081c no-repeat scroll 3px 50% \/ 14px 14px; position: absolute; opacity: 1; z-index: 8675309; display: none; cursor: pointer;\">Merken<\/span><\/p>\n<p><span style=\"border-radius: 2px; text-indent: 20px; width: auto; padding: 0px 4px 0px 0px; text-align: center; font: bold 11px\/20px 'Helvetica Neue',Helvetica,sans-serif; color: #ffffff; background: #bd081c no-repeat scroll 3px 50% \/ 14px 14px; position: absolute; opacity: 1; z-index: 8675309; display: none; cursor: pointer;\">Merken<\/span><\/p>\n<p><span style=\"border-radius: 2px; text-indent: 20px; width: auto; padding: 0px 4px 0px 0px; text-align: center; font: bold 11px\/20px 'Helvetica Neue',Helvetica,sans-serif; color: #ffffff; background: #bd081c no-repeat scroll 3px 50% \/ 14px 14px; position: absolute; opacity: 1; z-index: 8675309; display: none; cursor: pointer;\">Merken<\/span><\/p>\n<p><span style=\"border-radius: 2px; text-indent: 20px; width: auto; padding: 0px 4px 0px 0px; text-align: center; font: bold 11px\/20px 'Helvetica Neue',Helvetica,sans-serif; color: #ffffff; background: #bd081c no-repeat scroll 3px 50% \/ 14px 14px; position: absolute; opacity: 1; z-index: 8675309; display: none; cursor: pointer;\">Merken<\/span><\/p>\n<p><span style=\"border-radius: 2px; text-indent: 20px; width: auto; padding: 0px 4px 0px 0px; text-align: center; font: bold 11px\/20px 'Helvetica Neue',Helvetica,sans-serif; color: #ffffff; background: #bd081c no-repeat scroll 3px 50% \/ 14px 14px; position: absolute; opacity: 0.85; z-index: 8675309; display: none; cursor: pointer; top: 86px; left: 20px;\">Merken<\/span><\/p>\n<p><span style=\"border-radius: 2px; text-indent: 20px; width: auto; padding: 0px 4px 0px 0px; text-align: center; font: bold 11px\/20px 'Helvetica Neue',Helvetica,sans-serif; color: #ffffff; background: #bd081c no-repeat scroll 3px 50% \/ 14px 14px; position: absolute; opacity: 1; z-index: 8675309; display: none; cursor: pointer;\">Merken<\/span><\/p>\n","protected":false},"excerpt":{"rendered":"<p>Frau Bidder, H\u00e4kelyoga und anderes Heilsames Meine Mutter h\u00e4kelte in den 70er Jahren ihre frustigen Hausfrauenjahre fort. Bunte Wollreste&hellip;<\/p>\n","protected":false},"author":1,"featured_media":0,"parent":0,"menu_order":0,"comment_status":"closed","ping_status":"closed","template":"","meta":{"footnotes":""},"class_list":["post-436","page","type-page","status-publish","hentry"],"_links":{"self":[{"href":"https:\/\/www.cadooh.de\/index.php\/wp-json\/wp\/v2\/pages\/436","targetHints":{"allow":["GET"]}}],"collection":[{"href":"https:\/\/www.cadooh.de\/index.php\/wp-json\/wp\/v2\/pages"}],"about":[{"href":"https:\/\/www.cadooh.de\/index.php\/wp-json\/wp\/v2\/types\/page"}],"author":[{"embeddable":true,"href":"https:\/\/www.cadooh.de\/index.php\/wp-json\/wp\/v2\/users\/1"}],"replies":[{"embeddable":true,"href":"https:\/\/www.cadooh.de\/index.php\/wp-json\/wp\/v2\/comments?post=436"}],"version-history":[{"count":22,"href":"https:\/\/www.cadooh.de\/index.php\/wp-json\/wp\/v2\/pages\/436\/revisions"}],"predecessor-version":[{"id":2390,"href":"https:\/\/www.cadooh.de\/index.php\/wp-json\/wp\/v2\/pages\/436\/revisions\/2390"}],"wp:attachment":[{"href":"https:\/\/www.cadooh.de\/index.php\/wp-json\/wp\/v2\/media?parent=436"}],"curies":[{"name":"wp","href":"https:\/\/api.w.org\/{rel}","templated":true}]}}